{"id":11744,"date":"2025-01-10T20:36:24","date_gmt":"2025-01-10T23:36:24","guid":{"rendered":"https:\/\/ibyme.org.ar\/investigacion\/?page_id=11744"},"modified":"2025-01-13T21:27:09","modified_gmt":"2025-01-14T00:27:09","slug":"lineas-de-investigacion","status":"publish","type":"page","link":"https:\/\/ibyme.org.ar\/investigacion\/laboratorios\/biologia-de-las-gametas-gametolab\/lineas-de-investigacion\/","title":{"rendered":"L\u00edneas de Investigaci\u00f3n"},"content":{"rendered":"<p><div class=\"fusion-fullwidth fullwidth-box fusion-builder-row-1 fusion-flex-container has-pattern-background has-mask-background fusion-parallax-none hundred-percent-fullwidth non-hundred-percent-height-scrolling\" style=\"--awb-border-radius-top-left:0px;--awb-border-radius-top-right:0px;--awb-border-radius-bottom-right:0px;--awb-border-radius-bottom-left:0px;--awb-margin-top:0px;--awb-margin-bottom:0px;--awb-min-height:300px;--awb-background-image:url(&quot;https:\/\/ibyme.org.ar\/investigacion\/wp-content\/uploads\/2023\/03\/laboratorio-header-gen.jpg&quot;);--awb-background-size:cover;--awb-flex-wrap:wrap;\" ><div class=\"fusion-builder-row fusion-row fusion-flex-align-items-flex-start fusion-flex-content-wrap\" style=\"width:104% !important;max-width:104% !important;margin-left: calc(-4% \/ 2 );margin-right: calc(-4% \/ 2 );\"><\/div><\/div><div class=\"fusion-fullwidth fullwidth-box fusion-builder-row-2 fusion-flex-container has-pattern-background has-mask-background lab-menu nonhundred-percent-fullwidth non-hundred-percent-height-scrolling fusion-custom-z-index\" style=\"--awb-border-radius-top-left:0px;--awb-border-radius-top-right:0px;--awb-border-radius-bottom-right:0px;--awb-border-radius-bottom-left:0px;--awb-z-index:999;--awb-padding-top:5px;--awb-padding-bottom:5px;--awb-margin-bottom:40px;--awb-background-color:var(--awb-color8);--awb-flex-wrap:wrap;\" ><div class=\"fusion-builder-row fusion-row fusion-flex-align-items-flex-start fusion-flex-content-wrap\" style=\"max-width:1248px;margin-left: calc(-4% \/ 2 );margin-right: calc(-4% \/ 2 );\"><div class=\"fusion-layout-column fusion_builder_column fusion-builder-column-0 fusion_builder_column_1_1 1_1 fusion-flex-column\" style=\"--awb-bg-size:cover;--awb-width-large:100%;--awb-margin-top-large:0px;--awb-spacing-right-large:1.92%;--awb-margin-bottom-large:0px;--awb-spacing-left-large:1.92%;--awb-width-medium:100%;--awb-order-medium:0;--awb-spacing-right-medium:1.92%;--awb-spacing-left-medium:1.92%;--awb-width-small:100%;--awb-order-small:0;--awb-spacing-right-small:1.92%;--awb-spacing-left-small:1.92%;\"><div class=\"fusion-column-wrapper fusion-column-has-shadow fusion-flex-justify-content-flex-start fusion-content-layout-column\"><nav class=\"awb-menu awb-menu_row awb-menu_em-hover mobile-mode-collapse-to-button awb-menu_icons-left awb-menu_dc-no mobile-trigger-fullwidth-off awb-menu_mobile-toggle awb-menu_indent-left mobile-size-full-absolute loading mega-menu-loading awb-menu_desktop awb-menu_dropdown awb-menu_expand-right awb-menu_transition-fade\" style=\"--awb-font-size:15px;--awb-line-height:1.5;--awb-bg:rgba(26,23,27,0);--awb-border-radius-top-left:3px;--awb-border-radius-top-right:3px;--awb-border-radius-bottom-right:3px;--awb-border-radius-bottom-left:3px;--awb-gap:10px;--awb-align-items:center;--awb-items-padding-top:6px;--awb-items-padding-right:15px;--awb-items-padding-bottom:6px;--awb-items-padding-left:15px;--awb-color:var(--awb-color1);--awb-active-color:var(--awb-color1);--awb-active-bg:var(--awb-color4);--awb-active-border-color:var(--awb-color2);--awb-icons-color:var(--awb-color1);--awb-icons-hover-color:var(--awb-color2);--awb-main-justify-content:flex-start;--awb-mobile-justify:flex-start;--awb-mobile-caret-left:auto;--awb-mobile-caret-right:0;--awb-fusion-font-family-typography:&quot;Red Hat Display&quot;;--awb-fusion-font-style-typography:normal;--awb-fusion-font-weight-typography:400;--awb-fusion-font-family-submenu-typography:inherit;--awb-fusion-font-style-submenu-typography:normal;--awb-fusion-font-weight-submenu-typography:400;--awb-fusion-font-family-mobile-typography:inherit;--awb-fusion-font-style-mobile-typography:normal;--awb-fusion-font-weight-mobile-typography:400;\" aria-label=\"Biolog\u00eda de las Gametas\" data-breakpoint=\"1024\" data-count=\"0\" data-transition-type=\"fade\" data-transition-time=\"300\" data-expand=\"right\"><button type=\"button\" class=\"awb-menu__m-toggle awb-menu__m-toggle_no-text\" aria-expanded=\"false\" aria-controls=\"menu-biologia-de-las-gametas\"><span class=\"awb-menu__m-toggle-inner\"><span class=\"collapsed-nav-text\"><span class=\"screen-reader-text\">Toggle Navigation<\/span><\/span><span class=\"awb-menu__m-collapse-icon awb-menu__m-collapse-icon_no-text\"><span class=\"awb-menu__m-collapse-icon-open awb-menu__m-collapse-icon-open_no-text fa-bars fas\"><\/span><span class=\"awb-menu__m-collapse-icon-close awb-menu__m-collapse-icon-close_no-text fa-times fas\"><\/span><\/span><\/span><\/button><ul id=\"menu-biologia-de-las-gametas\" class=\"fusion-menu awb-menu__main-ul awb-menu__main-ul_row\"><li  id=\"menu-item-11774\"  class=\"menu-item menu-item-type-post_type menu-item-object-page menu-item-11774 awb-menu__li awb-menu__main-li awb-menu__main-li_regular\"  data-item-id=\"11774\"><span class=\"awb-menu__main-background-default awb-menu__main-background-default_fade\"><\/span><span class=\"awb-menu__main-background-active awb-menu__main-background-active_fade\"><\/span><a  href=\"https:\/\/ibyme.org.ar\/investigacion\/laboratorios\/biologia-de-las-gametas-gametolab\/\" class=\"awb-menu__main-a awb-menu__main-a_regular\"><span class=\"menu-text\">Inicio<\/span><\/a><\/li><li  id=\"menu-item-11775\"  class=\"menu-item menu-item-type-post_type menu-item-object-page menu-item-11775 awb-menu__li awb-menu__main-li awb-menu__main-li_regular\"  data-item-id=\"11775\"><span class=\"awb-menu__main-background-default awb-menu__main-background-default_fade\"><\/span><span class=\"awb-menu__main-background-active awb-menu__main-background-active_fade\"><\/span><a  href=\"https:\/\/ibyme.org.ar\/investigacion\/laboratorios\/biologia-de-las-gametas-gametolab\/integrantes\/\" class=\"awb-menu__main-a awb-menu__main-a_regular\"><span class=\"menu-text\">Integrantes<\/span><\/a><\/li><li  id=\"menu-item-11776\"  class=\"menu-item menu-item-type-post_type menu-item-object-page menu-item-11776 awb-menu__li awb-menu__main-li awb-menu__main-li_regular\"  data-item-id=\"11776\"><span class=\"awb-menu__main-background-default awb-menu__main-background-default_fade\"><\/span><span class=\"awb-menu__main-background-active awb-menu__main-background-active_fade\"><\/span><a  href=\"https:\/\/ibyme.org.ar\/investigacion\/laboratorios\/biologia-de-las-gametas-gametolab\/lineas-de-investigacion\/\" class=\"awb-menu__main-a awb-menu__main-a_regular\"><span class=\"menu-text\">L\u00edneas de Investigaci\u00f3n<\/span><\/a><\/li><li  id=\"menu-item-11777\"  class=\"menu-item menu-item-type-post_type menu-item-object-page menu-item-11777 awb-menu__li awb-menu__main-li awb-menu__main-li_regular\"  data-item-id=\"11777\"><span class=\"awb-menu__main-background-default awb-menu__main-background-default_fade\"><\/span><span class=\"awb-menu__main-background-active awb-menu__main-background-active_fade\"><\/span><a  href=\"https:\/\/ibyme.org.ar\/investigacion\/laboratorios\/biologia-de-las-gametas-gametolab\/publicaciones\/\" class=\"awb-menu__main-a awb-menu__main-a_regular\"><span class=\"menu-text\">Publicaciones<\/span><\/a><\/li><li  id=\"menu-item-11778\"  class=\"menu-item menu-item-type-post_type menu-item-object-page menu-item-11778 awb-menu__li awb-menu__main-li awb-menu__main-li_regular\"  data-item-id=\"11778\"><span class=\"awb-menu__main-background-default awb-menu__main-background-default_fade\"><\/span><span class=\"awb-menu__main-background-active awb-menu__main-background-active_fade\"><\/span><a  href=\"https:\/\/ibyme.org.ar\/investigacion\/laboratorios\/biologia-de-las-gametas-gametolab\/blog\/\" class=\"awb-menu__main-a awb-menu__main-a_regular\"><span class=\"menu-text\">Blog<\/span><\/a><\/li><li  id=\"menu-item-11779\"  class=\"menu-item menu-item-type-post_type menu-item-object-page menu-item-11779 awb-menu__li awb-menu__main-li awb-menu__main-li_regular\"  data-item-id=\"11779\"><span class=\"awb-menu__main-background-default awb-menu__main-background-default_fade\"><\/span><span class=\"awb-menu__main-background-active awb-menu__main-background-active_fade\"><\/span><a  href=\"https:\/\/ibyme.org.ar\/investigacion\/laboratorios\/biologia-de-las-gametas-gametolab\/contacto\/\" class=\"awb-menu__main-a awb-menu__main-a_regular\"><span class=\"menu-text\">Contacto<\/span><\/a><\/li><\/ul><\/nav><\/div><\/div><\/div><\/div><div class=\"fusion-fullwidth fullwidth-box fusion-builder-row-3 fusion-flex-container has-pattern-background has-mask-background nonhundred-percent-fullwidth non-hundred-percent-height-scrolling\" style=\"--awb-border-radius-top-left:0px;--awb-border-radius-top-right:0px;--awb-border-radius-bottom-right:0px;--awb-border-radius-bottom-left:0px;--awb-flex-wrap:wrap;\" ><div class=\"fusion-builder-row fusion-row fusion-flex-align-items-flex-start fusion-flex-content-wrap\" style=\"max-width:1248px;margin-left: calc(-4% \/ 2 );margin-right: calc(-4% \/ 2 );\"><div class=\"fusion-layout-column fusion_builder_column fusion-builder-column-1 fusion_builder_column_1_1 1_1 fusion-flex-column\" style=\"--awb-bg-size:cover;--awb-width-large:100%;--awb-margin-top-large:0px;--awb-spacing-right-large:1.92%;--awb-margin-bottom-large:20px;--awb-spacing-left-large:1.92%;--awb-width-medium:100%;--awb-order-medium:0;--awb-spacing-right-medium:1.92%;--awb-spacing-left-medium:1.92%;--awb-width-small:100%;--awb-order-small:0;--awb-spacing-right-small:1.92%;--awb-spacing-left-small:1.92%;\"><div class=\"fusion-column-wrapper fusion-column-has-shadow fusion-flex-justify-content-flex-start fusion-content-layout-column\"><nav class=\"fusion-breadcrumbs awb-yoast-breadcrumbs fusion-breadcrumbs-1\" style=\"--awb-alignment:left;--awb-breadcrumb-sep:&#039;\/&#039;;text-align:left;\" aria-label=\"Breadcrumb\"><span><span><a href=\"https:\/\/ibyme.org.ar\/investigacion\/en\/laboratories\/\">Inicio<\/a><\/span><\/span><\/nav><div class=\"fusion-title title fusion-title-1 fusion-sep-none fusion-title-text fusion-title-size-one\" style=\"--awb-text-color:var(--awb-color8);\"><h1 class=\"fusion-title-heading title-heading-left\" style=\"margin:0;\">Biolog\u00eda de las Gametas (GametoLab)<\/h1><\/div><\/div><\/div><\/div><\/div><div class=\"fusion-fullwidth fullwidth-box fusion-builder-row-4 fusion-flex-container has-pattern-background has-mask-background nonhundred-percent-fullwidth non-hundred-percent-height-scrolling\" style=\"--awb-border-radius-top-left:0px;--awb-border-radius-top-right:0px;--awb-border-radius-bottom-right:0px;--awb-border-radius-bottom-left:0px;--awb-flex-wrap:wrap;\" ><div class=\"fusion-builder-row fusion-row fusion-flex-align-items-flex-start fusion-flex-content-wrap\" style=\"max-width:1248px;margin-left: calc(-4% \/ 2 );margin-right: calc(-4% \/ 2 );\"><div class=\"fusion-layout-column fusion_builder_column fusion-builder-column-2 fusion_builder_column_1_1 1_1 fusion-flex-column\" style=\"--awb-bg-size:cover;--awb-width-large:100%;--awb-margin-top-large:0px;--awb-spacing-right-large:1.92%;--awb-margin-bottom-large:20px;--awb-spacing-left-large:1.92%;--awb-width-medium:100%;--awb-order-medium:0;--awb-spacing-right-medium:1.92%;--awb-spacing-left-medium:1.92%;--awb-width-small:100%;--awb-order-small:0;--awb-spacing-right-small:1.92%;--awb-spacing-left-small:1.92%;\"><div class=\"fusion-column-wrapper fusion-column-has-shadow fusion-flex-justify-content-flex-start fusion-content-layout-column\"><div class=\"fusion-title title fusion-title-2 fusion-sep-none fusion-title-text fusion-title-size-two\" style=\"--awb-text-color:var(--awb-color5);--awb-font-size:22px;\"><h2 class=\"fusion-title-heading title-heading-left\" style=\"font-family:&quot;Red Hat Display&quot;;font-style:normal;font-weight:700;margin:0;font-size:1em;\">L\u00edneas de Investigaci\u00f3n<\/h2><\/div><\/div><\/div><\/div><\/div><div class=\"fusion-fullwidth fullwidth-box fusion-builder-row-5 fusion-flex-container has-pattern-background has-mask-background nonhundred-percent-fullwidth non-hundred-percent-height-scrolling\" style=\"--awb-border-radius-top-left:0px;--awb-border-radius-top-right:0px;--awb-border-radius-bottom-right:0px;--awb-border-radius-bottom-left:0px;--awb-flex-wrap:wrap;\" ><div class=\"fusion-builder-row fusion-row fusion-flex-align-items-flex-start fusion-flex-content-wrap\" style=\"max-width:1248px;margin-left: calc(-4% \/ 2 );margin-right: calc(-4% \/ 2 );\"><div class=\"fusion-layout-column fusion_builder_column fusion-builder-column-3 fusion_builder_column_1_1 1_1 fusion-flex-column\" style=\"--awb-bg-size:cover;--awb-width-large:100%;--awb-margin-top-large:0px;--awb-spacing-right-large:1.92%;--awb-margin-bottom-large:20px;--awb-spacing-left-large:1.92%;--awb-width-medium:100%;--awb-order-medium:0;--awb-spacing-right-medium:1.92%;--awb-spacing-left-medium:1.92%;--awb-width-small:100%;--awb-order-small:0;--awb-spacing-right-small:1.92%;--awb-spacing-left-small:1.92%;\"><div class=\"fusion-column-wrapper fusion-column-has-shadow fusion-flex-justify-content-flex-start fusion-content-layout-column\"><div class=\"fusion-text fusion-text-1\"><p><strong>1) Gameta masculina:<\/strong><\/p>\n<p>La evaluaci\u00f3n reproductiva del var\u00f3n se realiza simplemente sobre el semen, siguiendo las recomendaciones de la OMS. Sin embargo, esos par\u00e1metros seminales no son indicadores totalmente fidedignos de la fertilidad del individuo y proporcionan poca o nula informaci\u00f3n sobre el verdadero defecto causante de la infertilidad, limitando las opciones terap\u00e9uticas. Por lo tanto, surge la necesidad de comprender mejor la fisiolog\u00eda de los espermatozoides en condiciones normales y patol\u00f3gicas. En este sentido, nuestras investigaciones est\u00e1n enfocadas en el estudio de los mecanismos moleculares implicados en los procesos de formaci\u00f3n y maduraci\u00f3n de los espermatozoides, en particular, aquellos relacionados con las v\u00edas de se\u00f1alizaci\u00f3n y del metabolismo (Battistone et al., 2014; Brukman et al., 2019; Gomez-El\u00edas et al., 2019; Giaccagli et al., 2021; Cohen et al., 2021, Cohen et al., 2022; Horta Remedios et al., 2023; Gonz\u00e1lez et al., 2024; Herzfeld et al., en preparaci\u00f3n). Para ello, utilizamos el modelo del rat\u00f3n ya que nos permite, adem\u00e1s, estudiar la relevancia de esos mecanismos para la fertilidad del individuo. Asimismo, contamos con numerosas colaboraci\u00f3n nacionales e internacionales, lo que nos permite incrementar la capacidad disciplinar. Por otro lado, en el \u00faltimo tiempo, se ha generado un inter\u00e9s renovado por el desarrollo de anticonceptivos masculinos confiables m\u00e1s all\u00e1 de los actualmente disponibles, a saber, la vasectom\u00eda (esterilizaci\u00f3n quir\u00fargica) y los condones. Una estrategia interesante para la identificaci\u00f3n de nuevos blancos anticonceptivos se basa en investigar las causas moleculares detr\u00e1s de la infertilidad, de forma tal de luego replicar dicho defecto de manera transitoria en una persona sana, actuando como anticonceptivo. En este sentido, los trastornos de la motilidad esperm\u00e1tica se encuentran entre las principales causas de la infertilidad masculina, y aunque se conoce muy poco sobre su etiolog\u00eda, se sabe que el metabolismo energ\u00e9tico de los espermatozoides es clave para el desarrollo de su motilidad. En este sentido, nuestras investigaciones m\u00e1s aplicadas est\u00e1n enfocadas en la identificaci\u00f3n de prote\u00ednas esperm\u00e1ticas humanas con roles en el metabolismo energ\u00e9tico celular y el estudio de su posible utilizaci\u00f3n como blanco para el desarrollo de m\u00e9todos anticonceptivos masculinos.<\/p>\n<p><strong>2) Gameta femenina:<\/strong><\/p>\n<p>Luego de la entrada del espermatozoide, en el ovocito fecundado ocurre una serie de cambios colectivamente denominados \u201cactivaci\u00f3n ovocitaria\u201d, esencial para el inicio del desarrollo embrionario. Si bien la t\u00e9cnica ICSI es actualmente la m\u00e1s efectiva y ampliamente utilizada para tratar la infertilidad, en aproximadamente 1\u20135% de los casos la misma falla, principalmente debido a una deficiencia en el proceso de activaci\u00f3n de los ovocitos. Como respuesta a esta problem\u00e1tica han surgido distintos m\u00e9todos de activaci\u00f3n artificial de los ovocitos (AOA). A pesar de que se han reportado nacimientos de ni\u00f1os luego de AOA, se trata de un procedimiento experimental ya que no cuenta con el sustento te\u00f3rico, ni siquiera en modelos animales, que eval\u00faen los mecanismos involucrados y avalen su seguridad para la progenie y el desempe\u00f1o reproductivo de la misma a largo plazo. En este sentido, nuestras investigaciones est\u00e1n enfocadas en comprender el impacto que pueden tener los m\u00e9todos de activaci\u00f3n ovocitaria utilizados en la cl\u00ednica, diferentes al natural, en los distintos procesos celulares y fisiol\u00f3gicos subsiguientes y sobre la descendencia en el modelo del rat\u00f3n (Curia et al., 2013, G\u00f3mez El\u00edas et al, 2020 y Gonz\u00e1lez et al., enviado). Con una mirada m\u00e1s aplicada, establecimos una colaboraci\u00f3n con una cl\u00ednica de fertilizaci\u00f3n asistida para estudiar el efecto de la activaci\u00f3n partenogen\u00e9tica de ovocitos humanos con los distintos protocolos de AOA utilizados en el tratamiento de pacientes y analizar los distintos eventos tempranos que vimos alterados en el modelo de rat\u00f3n.<\/p>\n<p><strong>3) Embri\u00f3n:<\/strong><\/p>\n<p>M\u00e1s all\u00e1 de la AOA, varias de las t\u00e9cnicas de reproducci\u00f3n m\u00e9dicamente asistidas (ART) que est\u00e1n actualmente en uso, tampoco cuentan con el respaldo cient\u00edfico que garantice su seguridad para la progenie. Esto resulta importante a la luz de estudios epidemiol\u00f3gicos que muestran que, a pesar de que la mayor\u00eda de los beb\u00e9s fruto de las ART<br \/>\nparecen ser saludables y tener un desarrollo normal, los mismos presentan ciertas diferencias respecto a los nacidos por concepci\u00f3n natural. En este sentido, un procedimiento que se realiza de rutina en el laboratorio de embriolog\u00eda es la vitrificaci\u00f3n de embriones desarrollados in vitro. Considerando que este procedimiento se ha incorporado hace menos de 20 a\u00f1os en las cl\u00ednicas de fertilidad, y que a\u00fan no existen estudios epidemiol\u00f3gicos sobre el desempe\u00f1o reproductivo de las personas nacidas de embriones sometidos a esta tecnolog\u00eda, nuestras investigaciones apuntan a estudiar el efecto de la vitrificaci\u00f3n sobre los cambios epigen\u00e9ticos durante la embriog\u00e9nesis y el fenotipo reproductivo de la progenie en el modelo del rat\u00f3n. Planeamos utilizar estos conocimientos para mejorar las condiciones de cultivo in vitro de los embriones generados, reduciendo el impacto que las t\u00e9cnicas de criopreservaci\u00f3n puedan tener sobre la progenie generada.<\/p>\n<p>En conjunto, los avances que logremos con nuestras estrategias experimentales contribuir\u00e1n a un mayor conocimiento b\u00e1sico del proceso de fecundaci\u00f3n como as\u00ed tambi\u00e9n arrojar\u00e1n datos cr\u00edticos para alcanzar una fase de investigaci\u00f3n m\u00e1s aplicada, permitiendo el mejoramiento de las t\u00e9cnicas de diagn\u00f3stico y tratamiento de la infertilidad como as\u00ed tambi\u00e9n el desarrollo de m\u00e9todos de regulaci\u00f3n de la fertilidad.<\/p>\n<p>&nbsp;<\/p>\n<\/div><\/div><\/div><\/div><\/div><\/p>\n","protected":false},"excerpt":{"rendered":"","protected":false},"author":45,"featured_media":0,"parent":11720,"menu_order":383,"comment_status":"closed","ping_status":"closed","template":"100-width.php","meta":{"_acf_changed":false,"inline_featured_image":false,"wpupg_custom_link":[],"wpupg_custom_link_behaviour":["default"],"wpupg_custom_link_nofollow":["default"],"wpupg_custom_image":[],"wpupg_custom_image_id":[],"footnotes":""},"page_category":[589],"class_list":["post-11744","page","type-page","status-publish","hentry","page_category-cohen"],"acf":[],"yoast_head":"<!-- This site is optimized with the Yoast SEO plugin v26.6 - https:\/\/yoast.com\/wordpress\/plugins\/seo\/ -->\n<title>L\u00edneas de Investigaci\u00f3n - IBYME<\/title>\n<meta name=\"robots\" content=\"index, follow, max-snippet:-1, max-image-preview:large, max-video-preview:-1\" \/>\n<link rel=\"canonical\" href=\"https:\/\/ibyme.org.ar\/investigacion\/laboratorios\/biologia-de-las-gametas-gametolab\/lineas-de-investigacion\/\" \/>\n<meta property=\"og:locale\" content=\"es_ES\" \/>\n<meta property=\"og:type\" content=\"article\" \/>\n<meta property=\"og:title\" content=\"L\u00edneas de Investigaci\u00f3n - IBYME\" \/>\n<meta property=\"og:url\" content=\"https:\/\/ibyme.org.ar\/investigacion\/laboratorios\/biologia-de-las-gametas-gametolab\/lineas-de-investigacion\/\" \/>\n<meta property=\"og:site_name\" content=\"IBYME\" \/>\n<meta property=\"article:modified_time\" content=\"2025-01-14T00:27:09+00:00\" \/>\n<meta name=\"twitter:card\" content=\"summary_large_image\" \/>\n<meta name=\"twitter:label1\" content=\"Tiempo de lectura\" \/>\n\t<meta name=\"twitter:data1\" content=\"1 minuto\" \/>\n<script type=\"application\/ld+json\" class=\"yoast-schema-graph\">{\"@context\":\"https:\/\/schema.org\",\"@graph\":[{\"@type\":\"WebPage\",\"@id\":\"https:\/\/ibyme.org.ar\/investigacion\/laboratorios\/biologia-de-las-gametas-gametolab\/lineas-de-investigacion\/\",\"url\":\"https:\/\/ibyme.org.ar\/investigacion\/laboratorios\/biologia-de-las-gametas-gametolab\/lineas-de-investigacion\/\",\"name\":\"L\u00edneas de Investigaci\u00f3n - IBYME\",\"isPartOf\":{\"@id\":\"https:\/\/ibyme.org.ar\/investigacion\/en\/#website\"},\"datePublished\":\"2025-01-10T23:36:24+00:00\",\"dateModified\":\"2025-01-14T00:27:09+00:00\",\"breadcrumb\":{\"@id\":\"https:\/\/ibyme.org.ar\/investigacion\/laboratorios\/biologia-de-las-gametas-gametolab\/lineas-de-investigacion\/#breadcrumb\"},\"inLanguage\":\"es\",\"potentialAction\":[{\"@type\":\"ReadAction\",\"target\":[\"https:\/\/ibyme.org.ar\/investigacion\/laboratorios\/biologia-de-las-gametas-gametolab\/lineas-de-investigacion\/\"]}]},{\"@type\":\"BreadcrumbList\",\"@id\":\"https:\/\/ibyme.org.ar\/investigacion\/laboratorios\/biologia-de-las-gametas-gametolab\/lineas-de-investigacion\/#breadcrumb\",\"itemListElement\":[{\"@type\":\"ListItem\",\"position\":1,\"name\":\"Inicio\",\"item\":\"https:\/\/ibyme.org.ar\/investigacion\/en\/laboratories\/\"},{\"@type\":\"ListItem\",\"position\":2,\"name\":\"Laboratorios\",\"item\":\"https:\/\/ibyme.org.ar\/investigacion\/en\/laboratories\/\"},{\"@type\":\"ListItem\",\"position\":3,\"name\":\"Biolog\u00eda de las Gametas (GametoLab)\",\"item\":\"https:\/\/ibyme.org.ar\/investigacion\/laboratorios\/biologia-de-las-gametas-gametolab\/\"},{\"@type\":\"ListItem\",\"position\":4,\"name\":\"L\u00edneas de Investigaci\u00f3n\"}]},{\"@type\":\"WebSite\",\"@id\":\"https:\/\/ibyme.org.ar\/investigacion\/en\/#website\",\"url\":\"https:\/\/ibyme.org.ar\/investigacion\/en\/\",\"name\":\"IBYME\",\"description\":\"Instituto de Biolog\u00eda y Medicina Experimental\",\"potentialAction\":[{\"@type\":\"SearchAction\",\"target\":{\"@type\":\"EntryPoint\",\"urlTemplate\":\"https:\/\/ibyme.org.ar\/investigacion\/en\/?s={search_term_string}\"},\"query-input\":{\"@type\":\"PropertyValueSpecification\",\"valueRequired\":true,\"valueName\":\"search_term_string\"}}],\"inLanguage\":\"es\"}]}<\/script>\n<!-- \/ Yoast SEO plugin. -->","yoast_head_json":{"title":"L\u00edneas de Investigaci\u00f3n - IBYME","robots":{"index":"index","follow":"follow","max-snippet":"max-snippet:-1","max-image-preview":"max-image-preview:large","max-video-preview":"max-video-preview:-1"},"canonical":"https:\/\/ibyme.org.ar\/investigacion\/laboratorios\/biologia-de-las-gametas-gametolab\/lineas-de-investigacion\/","og_locale":"es_ES","og_type":"article","og_title":"L\u00edneas de Investigaci\u00f3n - IBYME","og_url":"https:\/\/ibyme.org.ar\/investigacion\/laboratorios\/biologia-de-las-gametas-gametolab\/lineas-de-investigacion\/","og_site_name":"IBYME","article_modified_time":"2025-01-14T00:27:09+00:00","twitter_card":"summary_large_image","twitter_misc":{"Tiempo de lectura":"1 minuto"},"schema":{"@context":"https:\/\/schema.org","@graph":[{"@type":"WebPage","@id":"https:\/\/ibyme.org.ar\/investigacion\/laboratorios\/biologia-de-las-gametas-gametolab\/lineas-de-investigacion\/","url":"https:\/\/ibyme.org.ar\/investigacion\/laboratorios\/biologia-de-las-gametas-gametolab\/lineas-de-investigacion\/","name":"L\u00edneas de Investigaci\u00f3n - IBYME","isPartOf":{"@id":"https:\/\/ibyme.org.ar\/investigacion\/en\/#website"},"datePublished":"2025-01-10T23:36:24+00:00","dateModified":"2025-01-14T00:27:09+00:00","breadcrumb":{"@id":"https:\/\/ibyme.org.ar\/investigacion\/laboratorios\/biologia-de-las-gametas-gametolab\/lineas-de-investigacion\/#breadcrumb"},"inLanguage":"es","potentialAction":[{"@type":"ReadAction","target":["https:\/\/ibyme.org.ar\/investigacion\/laboratorios\/biologia-de-las-gametas-gametolab\/lineas-de-investigacion\/"]}]},{"@type":"BreadcrumbList","@id":"https:\/\/ibyme.org.ar\/investigacion\/laboratorios\/biologia-de-las-gametas-gametolab\/lineas-de-investigacion\/#breadcrumb","itemListElement":[{"@type":"ListItem","position":1,"name":"Inicio","item":"https:\/\/ibyme.org.ar\/investigacion\/en\/laboratories\/"},{"@type":"ListItem","position":2,"name":"Laboratorios","item":"https:\/\/ibyme.org.ar\/investigacion\/en\/laboratories\/"},{"@type":"ListItem","position":3,"name":"Biolog\u00eda de las Gametas (GametoLab)","item":"https:\/\/ibyme.org.ar\/investigacion\/laboratorios\/biologia-de-las-gametas-gametolab\/"},{"@type":"ListItem","position":4,"name":"L\u00edneas de Investigaci\u00f3n"}]},{"@type":"WebSite","@id":"https:\/\/ibyme.org.ar\/investigacion\/en\/#website","url":"https:\/\/ibyme.org.ar\/investigacion\/en\/","name":"IBYME","description":"Instituto de Biolog\u00eda y Medicina Experimental","potentialAction":[{"@type":"SearchAction","target":{"@type":"EntryPoint","urlTemplate":"https:\/\/ibyme.org.ar\/investigacion\/en\/?s={search_term_string}"},"query-input":{"@type":"PropertyValueSpecification","valueRequired":true,"valueName":"search_term_string"}}],"inLanguage":"es"}]}},"_links":{"self":[{"href":"https:\/\/ibyme.org.ar\/investigacion\/wp-json\/wp\/v2\/pages\/11744","targetHints":{"allow":["GET"]}}],"collection":[{"href":"https:\/\/ibyme.org.ar\/investigacion\/wp-json\/wp\/v2\/pages"}],"about":[{"href":"https:\/\/ibyme.org.ar\/investigacion\/wp-json\/wp\/v2\/types\/page"}],"author":[{"embeddable":true,"href":"https:\/\/ibyme.org.ar\/investigacion\/wp-json\/wp\/v2\/users\/45"}],"replies":[{"embeddable":true,"href":"https:\/\/ibyme.org.ar\/investigacion\/wp-json\/wp\/v2\/comments?post=11744"}],"version-history":[{"count":4,"href":"https:\/\/ibyme.org.ar\/investigacion\/wp-json\/wp\/v2\/pages\/11744\/revisions"}],"predecessor-version":[{"id":11798,"href":"https:\/\/ibyme.org.ar\/investigacion\/wp-json\/wp\/v2\/pages\/11744\/revisions\/11798"}],"up":[{"embeddable":true,"href":"https:\/\/ibyme.org.ar\/investigacion\/wp-json\/wp\/v2\/pages\/11720"}],"wp:attachment":[{"href":"https:\/\/ibyme.org.ar\/investigacion\/wp-json\/wp\/v2\/media?parent=11744"}],"wp:term":[{"taxonomy":"page_category","embeddable":true,"href":"https:\/\/ibyme.org.ar\/investigacion\/wp-json\/wp\/v2\/page_category?post=11744"}],"curies":[{"name":"wp","href":"https:\/\/api.w.org\/{rel}","templated":true}]}}