{"id":11804,"date":"2025-01-14T18:12:33","date_gmt":"2025-01-14T21:12:33","guid":{"rendered":"https:\/\/ibyme.org.ar\/investigacion\/?page_id=11804"},"modified":"2025-01-15T11:09:04","modified_gmt":"2025-01-15T14:09:04","slug":"lineas-de-investigacion","status":"publish","type":"page","link":"https:\/\/ibyme.org.ar\/investigacion\/laboratorios\/fisiologia-testicular\/lineas-de-investigacion\/","title":{"rendered":"L\u00edneas de Investigaci\u00f3n"},"content":{"rendered":"<p><div class=\"fusion-fullwidth fullwidth-box fusion-builder-row-1 fusion-flex-container has-pattern-background has-mask-background fusion-parallax-none hundred-percent-fullwidth non-hundred-percent-height-scrolling\" style=\"--awb-border-radius-top-left:0px;--awb-border-radius-top-right:0px;--awb-border-radius-bottom-right:0px;--awb-border-radius-bottom-left:0px;--awb-margin-top:0px;--awb-margin-bottom:0px;--awb-min-height:300px;--awb-background-image:url(&quot;https:\/\/ibyme.org.ar\/investigacion\/wp-content\/uploads\/2023\/03\/laboratorio-header-1.jpg&quot;);--awb-background-size:cover;--awb-flex-wrap:wrap;\" ><div class=\"fusion-builder-row fusion-row fusion-flex-align-items-flex-start fusion-flex-content-wrap\" style=\"width:104% !important;max-width:104% !important;margin-left: calc(-4% \/ 2 );margin-right: calc(-4% \/ 2 );\"><\/div><\/div><div class=\"fusion-fullwidth fullwidth-box fusion-builder-row-2 fusion-flex-container has-pattern-background has-mask-background lab-menu nonhundred-percent-fullwidth non-hundred-percent-height-scrolling fusion-custom-z-index\" style=\"--awb-border-radius-top-left:0px;--awb-border-radius-top-right:0px;--awb-border-radius-bottom-right:0px;--awb-border-radius-bottom-left:0px;--awb-z-index:999;--awb-padding-top:5px;--awb-padding-bottom:5px;--awb-margin-bottom:40px;--awb-background-color:var(--awb-color8);--awb-flex-wrap:wrap;\" ><div class=\"fusion-builder-row fusion-row fusion-flex-align-items-flex-start fusion-flex-content-wrap\" style=\"max-width:1248px;margin-left: calc(-4% \/ 2 );margin-right: calc(-4% \/ 2 );\"><div class=\"fusion-layout-column fusion_builder_column fusion-builder-column-0 fusion_builder_column_1_1 1_1 fusion-flex-column\" style=\"--awb-bg-size:cover;--awb-width-large:100%;--awb-margin-top-large:0px;--awb-spacing-right-large:1.92%;--awb-margin-bottom-large:0px;--awb-spacing-left-large:1.92%;--awb-width-medium:100%;--awb-order-medium:0;--awb-spacing-right-medium:1.92%;--awb-spacing-left-medium:1.92%;--awb-width-small:100%;--awb-order-small:0;--awb-spacing-right-small:1.92%;--awb-spacing-left-small:1.92%;\"><div class=\"fusion-column-wrapper fusion-column-has-shadow fusion-flex-justify-content-flex-start fusion-content-layout-column\"><nav class=\"awb-menu awb-menu_row awb-menu_em-hover mobile-mode-collapse-to-button awb-menu_icons-left awb-menu_dc-no mobile-trigger-fullwidth-off awb-menu_mobile-toggle awb-menu_indent-left mobile-size-full-absolute loading mega-menu-loading awb-menu_desktop awb-menu_dropdown awb-menu_expand-right awb-menu_transition-fade\" style=\"--awb-font-size:15px;--awb-line-height:1.5;--awb-bg:rgba(26,23,27,0);--awb-border-radius-top-left:3px;--awb-border-radius-top-right:3px;--awb-border-radius-bottom-right:3px;--awb-border-radius-bottom-left:3px;--awb-gap:10px;--awb-align-items:center;--awb-items-padding-top:6px;--awb-items-padding-right:15px;--awb-items-padding-bottom:6px;--awb-items-padding-left:15px;--awb-color:var(--awb-color1);--awb-active-color:var(--awb-color1);--awb-active-bg:var(--awb-color4);--awb-active-border-color:var(--awb-color2);--awb-submenu-color:var(--awb-color1);--awb-submenu-bg:var(--awb-color8);--awb-submenu-sep-color:var(--awb-color8);--awb-submenu-border-radius-top-left:4px;--awb-submenu-border-radius-top-right:4px;--awb-submenu-border-radius-bottom-right:4px;--awb-submenu-border-radius-bottom-left:4px;--awb-submenu-active-bg:var(--awb-color4);--awb-submenu-active-color:var(--awb-color1);--awb-icons-color:var(--awb-color1);--awb-icons-hover-color:var(--awb-color2);--awb-main-justify-content:flex-start;--awb-mobile-justify:flex-start;--awb-mobile-caret-left:auto;--awb-mobile-caret-right:0;--awb-fusion-font-family-typography:&quot;Red Hat Display&quot;;--awb-fusion-font-style-typography:normal;--awb-fusion-font-weight-typography:400;--awb-fusion-font-family-submenu-typography:inherit;--awb-fusion-font-style-submenu-typography:normal;--awb-fusion-font-weight-submenu-typography:400;--awb-fusion-font-family-mobile-typography:inherit;--awb-fusion-font-style-mobile-typography:normal;--awb-fusion-font-weight-mobile-typography:400;\" aria-label=\"Fisiolog\u00eda Testicular\" data-breakpoint=\"1024\" data-count=\"0\" data-transition-type=\"fade\" data-transition-time=\"300\" data-expand=\"right\"><button type=\"button\" class=\"awb-menu__m-toggle awb-menu__m-toggle_no-text\" aria-expanded=\"false\" aria-controls=\"menu-fisiologia-testicular\"><span class=\"awb-menu__m-toggle-inner\"><span class=\"collapsed-nav-text\"><span class=\"screen-reader-text\">Toggle Navigation<\/span><\/span><span class=\"awb-menu__m-collapse-icon awb-menu__m-collapse-icon_no-text\"><span class=\"awb-menu__m-collapse-icon-open awb-menu__m-collapse-icon-open_no-text fa-bars fas\"><\/span><span class=\"awb-menu__m-collapse-icon-close awb-menu__m-collapse-icon-close_no-text fa-times fas\"><\/span><\/span><\/span><\/button><ul id=\"menu-fisiologia-testicular\" class=\"fusion-menu awb-menu__main-ul awb-menu__main-ul_row\"><li  id=\"menu-item-11842\"  class=\"menu-item menu-item-type-post_type menu-item-object-page menu-item-11842 awb-menu__li awb-menu__main-li awb-menu__main-li_regular\"  data-item-id=\"11842\"><span class=\"awb-menu__main-background-default awb-menu__main-background-default_fade\"><\/span><span class=\"awb-menu__main-background-active awb-menu__main-background-active_fade\"><\/span><a  href=\"https:\/\/ibyme.org.ar\/investigacion\/laboratorios\/fisiologia-testicular\/\" class=\"awb-menu__main-a awb-menu__main-a_regular\"><span class=\"menu-text\">Inicio<\/span><\/a><\/li><li  id=\"menu-item-11841\"  class=\"menu-item menu-item-type-post_type menu-item-object-page menu-item-11841 awb-menu__li awb-menu__main-li awb-menu__main-li_regular\"  data-item-id=\"11841\"><span class=\"awb-menu__main-background-default awb-menu__main-background-default_fade\"><\/span><span class=\"awb-menu__main-background-active awb-menu__main-background-active_fade\"><\/span><a  href=\"https:\/\/ibyme.org.ar\/investigacion\/laboratorios\/fisiologia-testicular\/integrantes\/\" class=\"awb-menu__main-a awb-menu__main-a_regular\"><span class=\"menu-text\">Integrantes<\/span><\/a><\/li><li  id=\"menu-item-11840\"  class=\"menu-item menu-item-type-post_type menu-item-object-page menu-item-11840 awb-menu__li awb-menu__main-li awb-menu__main-li_regular\"  data-item-id=\"11840\"><span class=\"awb-menu__main-background-default awb-menu__main-background-default_fade\"><\/span><span class=\"awb-menu__main-background-active awb-menu__main-background-active_fade\"><\/span><a  href=\"https:\/\/ibyme.org.ar\/investigacion\/laboratorios\/fisiologia-testicular\/lineas-de-investigacion\/\" class=\"awb-menu__main-a awb-menu__main-a_regular\"><span class=\"menu-text\">L\u00edneas de Investigaci\u00f3n<\/span><\/a><\/li><li  id=\"menu-item-11839\"  class=\"menu-item menu-item-type-post_type menu-item-object-page menu-item-11839 awb-menu__li awb-menu__main-li awb-menu__main-li_regular\"  data-item-id=\"11839\"><span class=\"awb-menu__main-background-default awb-menu__main-background-default_fade\"><\/span><span class=\"awb-menu__main-background-active awb-menu__main-background-active_fade\"><\/span><a  href=\"https:\/\/ibyme.org.ar\/investigacion\/laboratorios\/fisiologia-testicular\/publicaciones\/\" class=\"awb-menu__main-a awb-menu__main-a_regular\"><span class=\"menu-text\">Publicaciones<\/span><\/a><\/li><li  id=\"menu-item-11838\"  class=\"menu-item menu-item-type-post_type menu-item-object-page menu-item-11838 awb-menu__li awb-menu__main-li awb-menu__main-li_regular\"  data-item-id=\"11838\"><span class=\"awb-menu__main-background-default awb-menu__main-background-default_fade\"><\/span><span class=\"awb-menu__main-background-active awb-menu__main-background-active_fade\"><\/span><a  href=\"https:\/\/ibyme.org.ar\/investigacion\/laboratorios\/fisiologia-testicular\/blog\/\" class=\"awb-menu__main-a awb-menu__main-a_regular\"><span class=\"menu-text\">Blog<\/span><\/a><\/li><li  id=\"menu-item-11837\"  class=\"menu-item menu-item-type-post_type menu-item-object-page menu-item-11837 awb-menu__li awb-menu__main-li awb-menu__main-li_regular\"  data-item-id=\"11837\"><span class=\"awb-menu__main-background-default awb-menu__main-background-default_fade\"><\/span><span class=\"awb-menu__main-background-active awb-menu__main-background-active_fade\"><\/span><a  href=\"https:\/\/ibyme.org.ar\/investigacion\/laboratorios\/fisiologia-testicular\/contacto\/\" class=\"awb-menu__main-a awb-menu__main-a_regular\"><span class=\"menu-text\">Contacto<\/span><\/a><\/li><\/ul><\/nav><\/div><\/div><\/div><\/div><div class=\"fusion-fullwidth fullwidth-box fusion-builder-row-3 fusion-flex-container has-pattern-background has-mask-background nonhundred-percent-fullwidth non-hundred-percent-height-scrolling\" style=\"--awb-border-radius-top-left:0px;--awb-border-radius-top-right:0px;--awb-border-radius-bottom-right:0px;--awb-border-radius-bottom-left:0px;--awb-flex-wrap:wrap;\" ><div class=\"fusion-builder-row fusion-row fusion-flex-align-items-flex-start fusion-flex-content-wrap\" style=\"max-width:1248px;margin-left: calc(-4% \/ 2 );margin-right: calc(-4% \/ 2 );\"><div class=\"fusion-layout-column fusion_builder_column fusion-builder-column-1 fusion_builder_column_1_1 1_1 fusion-flex-column\" style=\"--awb-bg-size:cover;--awb-width-large:100%;--awb-margin-top-large:0px;--awb-spacing-right-large:1.92%;--awb-margin-bottom-large:20px;--awb-spacing-left-large:1.92%;--awb-width-medium:100%;--awb-order-medium:0;--awb-spacing-right-medium:1.92%;--awb-spacing-left-medium:1.92%;--awb-width-small:100%;--awb-order-small:0;--awb-spacing-right-small:1.92%;--awb-spacing-left-small:1.92%;\"><div class=\"fusion-column-wrapper fusion-column-has-shadow fusion-flex-justify-content-flex-start fusion-content-layout-column\"><nav class=\"fusion-breadcrumbs awb-yoast-breadcrumbs fusion-breadcrumbs-1\" style=\"--awb-alignment:left;--awb-breadcrumb-sep:&#039;\/&#039;;text-align:left;\" aria-label=\"Breadcrumb\"><span><span><a href=\"https:\/\/ibyme.org.ar\/investigacion\/en\/laboratories\/\">Inicio<\/a><\/span><\/span><\/nav><div class=\"fusion-title title fusion-title-1 fusion-sep-none fusion-title-text fusion-title-size-one\" style=\"--awb-text-color:var(--awb-color8);\"><h1 class=\"fusion-title-heading title-heading-left\" style=\"margin:0;\">Fisiolog\u00eda Testicular<\/h1><\/div><\/div><\/div><\/div><\/div><div class=\"fusion-fullwidth fullwidth-box fusion-builder-row-4 fusion-flex-container has-pattern-background has-mask-background nonhundred-percent-fullwidth non-hundred-percent-height-scrolling\" style=\"--awb-border-radius-top-left:0px;--awb-border-radius-top-right:0px;--awb-border-radius-bottom-right:0px;--awb-border-radius-bottom-left:0px;--awb-flex-wrap:wrap;\" ><div class=\"fusion-builder-row fusion-row fusion-flex-align-items-flex-start fusion-flex-content-wrap\" style=\"max-width:1248px;margin-left: calc(-4% \/ 2 );margin-right: calc(-4% \/ 2 );\"><div class=\"fusion-layout-column fusion_builder_column fusion-builder-column-2 fusion_builder_column_1_1 1_1 fusion-flex-column\" style=\"--awb-bg-size:cover;--awb-width-large:100%;--awb-margin-top-large:0px;--awb-spacing-right-large:1.92%;--awb-margin-bottom-large:20px;--awb-spacing-left-large:1.92%;--awb-width-medium:100%;--awb-order-medium:0;--awb-spacing-right-medium:1.92%;--awb-spacing-left-medium:1.92%;--awb-width-small:100%;--awb-order-small:0;--awb-spacing-right-small:1.92%;--awb-spacing-left-small:1.92%;\"><div class=\"fusion-column-wrapper fusion-column-has-shadow fusion-flex-justify-content-flex-start fusion-content-layout-column\"><div class=\"fusion-title title fusion-title-2 fusion-sep-none fusion-title-text fusion-title-size-two\" style=\"--awb-text-color:var(--awb-color5);--awb-font-size:22px;\"><h2 class=\"fusion-title-heading title-heading-left\" style=\"font-family:&quot;Red Hat Display&quot;;font-style:normal;font-weight:700;margin:0;font-size:1em;\">L\u00edneas de Investigaci\u00f3n<\/h2><\/div><\/div><\/div><\/div><\/div><div class=\"fusion-fullwidth fullwidth-box fusion-builder-row-5 fusion-flex-container has-pattern-background has-mask-background nonhundred-percent-fullwidth non-hundred-percent-height-scrolling\" style=\"--awb-border-radius-top-left:0px;--awb-border-radius-top-right:0px;--awb-border-radius-bottom-right:0px;--awb-border-radius-bottom-left:0px;--awb-flex-wrap:wrap;\" ><div class=\"fusion-builder-row fusion-row fusion-flex-align-items-flex-start fusion-flex-content-wrap\" style=\"max-width:1248px;margin-left: calc(-4% \/ 2 );margin-right: calc(-4% \/ 2 );\"><div class=\"fusion-layout-column fusion_builder_column fusion-builder-column-3 fusion_builder_column_1_1 1_1 fusion-flex-column\" style=\"--awb-bg-size:cover;--awb-width-large:100%;--awb-margin-top-large:0px;--awb-spacing-right-large:1.92%;--awb-margin-bottom-large:20px;--awb-spacing-left-large:1.92%;--awb-width-medium:100%;--awb-order-medium:0;--awb-spacing-right-medium:1.92%;--awb-spacing-left-medium:1.92%;--awb-width-small:100%;--awb-order-small:0;--awb-spacing-right-small:1.92%;--awb-spacing-left-small:1.92%;\"><div class=\"fusion-column-wrapper fusion-column-has-shadow fusion-flex-justify-content-flex-start fusion-content-layout-column\"><div class=\"fusion-text fusion-text-1\"><p><strong>Regulaci\u00f3n de la producci\u00f3n de poliaminas testiculares y estudio de sus contribuciones a la fisiolog\u00eda testicular.<\/strong><\/p>\n<p>Nuestro Proyecto analiza en profundidad el metabolismo de poliaminas (PAs) en un tejido que, a priori, no ser\u00eda considerado un \u201cgran productor de PAs\u201d. Sin embargo, nuestros resultados preliminares sugieren que no s\u00f3lo son detectables niveles importantes de PAs (en el orden de mM) en el test\u00edculo de nuestro modelo experimental (el h\u00e1mster Dorado) sino que existen diferencias significativas en la concentraci\u00f3n testicular de las principales PAs (putrescina, espermidina y espermina) en animales inmaduros, adultos j\u00f3venes y adultos envejecidos. En este trabajo, diseccionamos al test\u00edculo en sus constituyentes celulares m\u00e1s importantes y representativos para identificar aqu\u00e9llas poblaciones celulares que contribuyen a la producci\u00f3n local de PAs, discerniendo en qu\u00e9 proporci\u00f3n ser\u00edan capaces de contribuir al metabolismo de PAs testicular. Asimismo, exploramos en profundidad su complejo sistema de s\u00edntesis, interconversi\u00f3n, catabolismo y transporte e analizamos qu\u00e9 funciones celulares espec\u00edficas podr\u00edan estar siendo impactadas por las PAs en el test\u00edculo.<\/p>\n<p><strong>Esteroidog\u00e9nesis, canales de potasio y envejecimiento testicular.<\/strong><\/p>\n<p>El Proyecto propone estudiar el proceso fisiol\u00f3gico de envejecimiento en el test\u00edculo basado en el rol protag\u00f3nico de la c\u00e9lula de Leydig y los canales de potasio de alta conductancia activados por calcio (BKCa, maxiK o Slo1). Como objetivo central, en este Proyecto trabajamos en dilucidar mecanismos moleculares regulatorios adicionales involucrados en la esteroidog\u00e9nesis en c\u00e9lulas de Leydig durante el envejecimiento. Para ello, empleamos distintas estrategias experimentales: la l\u00ednea celular murina TM3 (c\u00e9lulas de Leydig) y cultivos primarios de c\u00e9lulas de Leydig aisladas a partir de test\u00edculos de ratones de la cepa C57BL\/6J fisiol\u00f3gicamente envejecidos y de modelos murinos de envejecimiento acelerado [ por sobre-expresi\u00f3n de la hormona de crecimiento (GH-Tg) ] o envejecimiento retardado [ ya sea ratones enanos Ames dwarf Prop1-\/, o ratones deficientes en la hormona liberadora de GH (GHRH-KO) ].<\/p>\n<p><strong>El sistema GDNF en las poblaciones celulares del nicho de c\u00e9lulas madre espermatogoniales.<\/strong><\/p>\n<p>El factor neurotr\u00f3fico derivado de la gl\u00eda (GDNF) es sintetizado por las poblaciones celulares del nicho de c\u00e9lulas madre espermatogoniales (c\u00e9lulas de Sertoli y c\u00e9lulas peritubulares) y participa en la auto-renovaci\u00f3n, proliferaci\u00f3n y supervivencia de las c\u00e9lulas espermatogoniales, favoreciendo una normal espermatog\u00e9nesis. En este Proyecto se eval\u00faan los posibles mecanismos moleculares regulatorios ejercidos por factores locales (3\u03b1-diol, testosterona, DHT y melatonina) sobre la producci\u00f3n de GDNF en c\u00e9lulas del nicho aisladas a partir de test\u00edculos de h\u00e1msteres Dorados inmaduros. Asimismo, se exploran dos posibles roles de GDNF: como agente protector de la funci\u00f3n espermatog\u00e9nica (basado en sus propiedades antioxidantes) y como agente modulador del metabolismo energ\u00e9tico en las c\u00e9lulas de Sertoli.<\/p>\n<p><strong>Disruptores neuroend\u00f3crinos en el test\u00edculo<\/strong><\/p>\n<p>En esta l\u00ednea de trabajo se propone establecer el impacto de diversos disruptores neuroend\u00f3crinos sobre diferentes funciones celulares de las principales poblaciones celulares testiculares (e.g.: estado oxidativo, proliferaci\u00f3n, apoptosis, autofagia, metabolismo energ\u00e9tico y la producci\u00f3n local de factores de importancia). Para ello, empleamos l\u00edneas celulares y cultivos primarios de c\u00e9lulas testiculares del h\u00e1mster Dorado.<\/p>\n<\/div><\/div><\/div><\/div><\/div><\/p>\n","protected":false},"excerpt":{"rendered":"","protected":false},"author":46,"featured_media":0,"parent":11801,"menu_order":393,"comment_status":"closed","ping_status":"closed","template":"100-width.php","meta":{"_acf_changed":false,"inline_featured_image":false,"wpupg_custom_link":[],"wpupg_custom_link_behaviour":["default"],"wpupg_custom_link_nofollow":["default"],"wpupg_custom_image":[],"wpupg_custom_image_id":[],"footnotes":""},"page_category":[592],"class_list":["post-11804","page","type-page","status-publish","hentry","page_category-matzkin"],"acf":[],"yoast_head":"<!-- This site is optimized with the Yoast SEO plugin v26.6 - https:\/\/yoast.com\/wordpress\/plugins\/seo\/ -->\n<title>L\u00edneas de Investigaci\u00f3n - IBYME<\/title>\n<meta name=\"robots\" content=\"index, follow, max-snippet:-1, max-image-preview:large, max-video-preview:-1\" \/>\n<link rel=\"canonical\" href=\"https:\/\/ibyme.org.ar\/investigacion\/laboratorios\/fisiologia-testicular\/lineas-de-investigacion\/\" \/>\n<meta property=\"og:locale\" content=\"es_ES\" \/>\n<meta property=\"og:type\" content=\"article\" \/>\n<meta property=\"og:title\" content=\"L\u00edneas de Investigaci\u00f3n - IBYME\" \/>\n<meta property=\"og:url\" content=\"https:\/\/ibyme.org.ar\/investigacion\/laboratorios\/fisiologia-testicular\/lineas-de-investigacion\/\" \/>\n<meta property=\"og:site_name\" content=\"IBYME\" \/>\n<meta property=\"article:modified_time\" content=\"2025-01-15T14:09:04+00:00\" \/>\n<meta name=\"twitter:card\" content=\"summary_large_image\" \/>\n<meta name=\"twitter:label1\" content=\"Tiempo de lectura\" \/>\n\t<meta name=\"twitter:data1\" content=\"1 minuto\" \/>\n<script type=\"application\/ld+json\" class=\"yoast-schema-graph\">{\"@context\":\"https:\/\/schema.org\",\"@graph\":[{\"@type\":\"WebPage\",\"@id\":\"https:\/\/ibyme.org.ar\/investigacion\/laboratorios\/fisiologia-testicular\/lineas-de-investigacion\/\",\"url\":\"https:\/\/ibyme.org.ar\/investigacion\/laboratorios\/fisiologia-testicular\/lineas-de-investigacion\/\",\"name\":\"L\u00edneas de Investigaci\u00f3n - IBYME\",\"isPartOf\":{\"@id\":\"https:\/\/ibyme.org.ar\/investigacion\/en\/#website\"},\"datePublished\":\"2025-01-14T21:12:33+00:00\",\"dateModified\":\"2025-01-15T14:09:04+00:00\",\"breadcrumb\":{\"@id\":\"https:\/\/ibyme.org.ar\/investigacion\/laboratorios\/fisiologia-testicular\/lineas-de-investigacion\/#breadcrumb\"},\"inLanguage\":\"es\",\"potentialAction\":[{\"@type\":\"ReadAction\",\"target\":[\"https:\/\/ibyme.org.ar\/investigacion\/laboratorios\/fisiologia-testicular\/lineas-de-investigacion\/\"]}]},{\"@type\":\"BreadcrumbList\",\"@id\":\"https:\/\/ibyme.org.ar\/investigacion\/laboratorios\/fisiologia-testicular\/lineas-de-investigacion\/#breadcrumb\",\"itemListElement\":[{\"@type\":\"ListItem\",\"position\":1,\"name\":\"Inicio\",\"item\":\"https:\/\/ibyme.org.ar\/investigacion\/en\/laboratories\/\"},{\"@type\":\"ListItem\",\"position\":2,\"name\":\"Laboratorios\",\"item\":\"https:\/\/ibyme.org.ar\/investigacion\/en\/laboratories\/\"},{\"@type\":\"ListItem\",\"position\":3,\"name\":\"Fisiolog\u00eda Testicular\",\"item\":\"https:\/\/ibyme.org.ar\/investigacion\/laboratorios\/fisiologia-testicular\/\"},{\"@type\":\"ListItem\",\"position\":4,\"name\":\"L\u00edneas de Investigaci\u00f3n\"}]},{\"@type\":\"WebSite\",\"@id\":\"https:\/\/ibyme.org.ar\/investigacion\/en\/#website\",\"url\":\"https:\/\/ibyme.org.ar\/investigacion\/en\/\",\"name\":\"IBYME\",\"description\":\"Instituto de Biolog\u00eda y Medicina Experimental\",\"potentialAction\":[{\"@type\":\"SearchAction\",\"target\":{\"@type\":\"EntryPoint\",\"urlTemplate\":\"https:\/\/ibyme.org.ar\/investigacion\/en\/?s={search_term_string}\"},\"query-input\":{\"@type\":\"PropertyValueSpecification\",\"valueRequired\":true,\"valueName\":\"search_term_string\"}}],\"inLanguage\":\"es\"}]}<\/script>\n<!-- \/ Yoast SEO plugin. -->","yoast_head_json":{"title":"L\u00edneas de Investigaci\u00f3n - IBYME","robots":{"index":"index","follow":"follow","max-snippet":"max-snippet:-1","max-image-preview":"max-image-preview:large","max-video-preview":"max-video-preview:-1"},"canonical":"https:\/\/ibyme.org.ar\/investigacion\/laboratorios\/fisiologia-testicular\/lineas-de-investigacion\/","og_locale":"es_ES","og_type":"article","og_title":"L\u00edneas de Investigaci\u00f3n - IBYME","og_url":"https:\/\/ibyme.org.ar\/investigacion\/laboratorios\/fisiologia-testicular\/lineas-de-investigacion\/","og_site_name":"IBYME","article_modified_time":"2025-01-15T14:09:04+00:00","twitter_card":"summary_large_image","twitter_misc":{"Tiempo de lectura":"1 minuto"},"schema":{"@context":"https:\/\/schema.org","@graph":[{"@type":"WebPage","@id":"https:\/\/ibyme.org.ar\/investigacion\/laboratorios\/fisiologia-testicular\/lineas-de-investigacion\/","url":"https:\/\/ibyme.org.ar\/investigacion\/laboratorios\/fisiologia-testicular\/lineas-de-investigacion\/","name":"L\u00edneas de Investigaci\u00f3n - IBYME","isPartOf":{"@id":"https:\/\/ibyme.org.ar\/investigacion\/en\/#website"},"datePublished":"2025-01-14T21:12:33+00:00","dateModified":"2025-01-15T14:09:04+00:00","breadcrumb":{"@id":"https:\/\/ibyme.org.ar\/investigacion\/laboratorios\/fisiologia-testicular\/lineas-de-investigacion\/#breadcrumb"},"inLanguage":"es","potentialAction":[{"@type":"ReadAction","target":["https:\/\/ibyme.org.ar\/investigacion\/laboratorios\/fisiologia-testicular\/lineas-de-investigacion\/"]}]},{"@type":"BreadcrumbList","@id":"https:\/\/ibyme.org.ar\/investigacion\/laboratorios\/fisiologia-testicular\/lineas-de-investigacion\/#breadcrumb","itemListElement":[{"@type":"ListItem","position":1,"name":"Inicio","item":"https:\/\/ibyme.org.ar\/investigacion\/en\/laboratories\/"},{"@type":"ListItem","position":2,"name":"Laboratorios","item":"https:\/\/ibyme.org.ar\/investigacion\/en\/laboratories\/"},{"@type":"ListItem","position":3,"name":"Fisiolog\u00eda Testicular","item":"https:\/\/ibyme.org.ar\/investigacion\/laboratorios\/fisiologia-testicular\/"},{"@type":"ListItem","position":4,"name":"L\u00edneas de Investigaci\u00f3n"}]},{"@type":"WebSite","@id":"https:\/\/ibyme.org.ar\/investigacion\/en\/#website","url":"https:\/\/ibyme.org.ar\/investigacion\/en\/","name":"IBYME","description":"Instituto de Biolog\u00eda y Medicina Experimental","potentialAction":[{"@type":"SearchAction","target":{"@type":"EntryPoint","urlTemplate":"https:\/\/ibyme.org.ar\/investigacion\/en\/?s={search_term_string}"},"query-input":{"@type":"PropertyValueSpecification","valueRequired":true,"valueName":"search_term_string"}}],"inLanguage":"es"}]}},"_links":{"self":[{"href":"https:\/\/ibyme.org.ar\/investigacion\/wp-json\/wp\/v2\/pages\/11804","targetHints":{"allow":["GET"]}}],"collection":[{"href":"https:\/\/ibyme.org.ar\/investigacion\/wp-json\/wp\/v2\/pages"}],"about":[{"href":"https:\/\/ibyme.org.ar\/investigacion\/wp-json\/wp\/v2\/types\/page"}],"author":[{"embeddable":true,"href":"https:\/\/ibyme.org.ar\/investigacion\/wp-json\/wp\/v2\/users\/46"}],"replies":[{"embeddable":true,"href":"https:\/\/ibyme.org.ar\/investigacion\/wp-json\/wp\/v2\/comments?post=11804"}],"version-history":[{"count":7,"href":"https:\/\/ibyme.org.ar\/investigacion\/wp-json\/wp\/v2\/pages\/11804\/revisions"}],"predecessor-version":[{"id":11868,"href":"https:\/\/ibyme.org.ar\/investigacion\/wp-json\/wp\/v2\/pages\/11804\/revisions\/11868"}],"up":[{"embeddable":true,"href":"https:\/\/ibyme.org.ar\/investigacion\/wp-json\/wp\/v2\/pages\/11801"}],"wp:attachment":[{"href":"https:\/\/ibyme.org.ar\/investigacion\/wp-json\/wp\/v2\/media?parent=11804"}],"wp:term":[{"taxonomy":"page_category","embeddable":true,"href":"https:\/\/ibyme.org.ar\/investigacion\/wp-json\/wp\/v2\/page_category?post=11804"}],"curies":[{"name":"wp","href":"https:\/\/api.w.org\/{rel}","templated":true}]}}