{"id":3155,"date":"2023-04-02T14:37:10","date_gmt":"2023-04-02T17:37:10","guid":{"rendered":"https:\/\/ibyme.org.ar\/investigacion\/?page_id=3155"},"modified":"2023-04-11T13:11:01","modified_gmt":"2023-04-11T16:11:01","slug":"lineas-de-investigacion-biologia-celular","status":"publish","type":"page","link":"https:\/\/ibyme.org.ar\/investigacion\/laboratorios\/glicomica-funcional-y-molecular\/lineas-de-investigacion-biologia-celular\/","title":{"rendered":"L\u00edneas de Investigaci\u00f3n: Biolog\u00eda Celular"},"content":{"rendered":"<p><div class=\"fusion-fullwidth fullwidth-box fusion-builder-row-1 fusion-flex-container has-pattern-background has-mask-background fusion-parallax-none hundred-percent-fullwidth non-hundred-percent-height-scrolling\" style=\"--awb-border-radius-top-left:0px;--awb-border-radius-top-right:0px;--awb-border-radius-bottom-right:0px;--awb-border-radius-bottom-left:0px;--awb-margin-top:0px;--awb-margin-bottom:0px;--awb-min-height:300px;--awb-background-image:url(&quot;https:\/\/ibyme.org.ar\/investigacion\/wp-content\/uploads\/2023\/03\/laboratorio-header-1.jpg&quot;);--awb-background-size:cover;--awb-flex-wrap:wrap;\" ><div class=\"fusion-builder-row fusion-row fusion-flex-align-items-flex-start fusion-flex-content-wrap\" style=\"width:104% !important;max-width:104% !important;margin-left: calc(-4% \/ 2 );margin-right: calc(-4% \/ 2 );\"><\/div><\/div><div class=\"fusion-fullwidth fullwidth-box fusion-builder-row-2 fusion-flex-container has-pattern-background has-mask-background lab-menu nonhundred-percent-fullwidth non-hundred-percent-height-scrolling fusion-custom-z-index\" style=\"--awb-border-radius-top-left:0px;--awb-border-radius-top-right:0px;--awb-border-radius-bottom-right:0px;--awb-border-radius-bottom-left:0px;--awb-z-index:999;--awb-padding-top:5px;--awb-padding-bottom:5px;--awb-margin-bottom:40px;--awb-background-color:var(--awb-color8);--awb-flex-wrap:wrap;\" ><div class=\"fusion-builder-row fusion-row fusion-flex-align-items-flex-start fusion-flex-content-wrap\" style=\"max-width:1248px;margin-left: calc(-4% \/ 2 );margin-right: calc(-4% \/ 2 );\"><div class=\"fusion-layout-column fusion_builder_column fusion-builder-column-0 fusion_builder_column_1_1 1_1 fusion-flex-column\" style=\"--awb-bg-size:cover;--awb-width-large:100%;--awb-margin-top-large:0px;--awb-spacing-right-large:1.92%;--awb-margin-bottom-large:0px;--awb-spacing-left-large:1.92%;--awb-width-medium:100%;--awb-order-medium:0;--awb-spacing-right-medium:1.92%;--awb-spacing-left-medium:1.92%;--awb-width-small:100%;--awb-order-small:0;--awb-spacing-right-small:1.92%;--awb-spacing-left-small:1.92%;\"><div class=\"fusion-column-wrapper fusion-column-has-shadow fusion-flex-justify-content-flex-start fusion-content-layout-column\"><nav class=\"awb-menu awb-menu_row awb-menu_em-hover mobile-mode-collapse-to-button awb-menu_icons-left awb-menu_dc-no mobile-trigger-fullwidth-off awb-menu_mobile-toggle awb-menu_indent-left mobile-size-full-absolute loading mega-menu-loading awb-menu_desktop awb-menu_dropdown awb-menu_expand-right awb-menu_transition-fade\" style=\"--awb-font-size:15px;--awb-line-height:1.5;--awb-bg:rgba(26,23,27,0);--awb-border-radius-top-left:3px;--awb-border-radius-top-right:3px;--awb-border-radius-bottom-right:3px;--awb-border-radius-bottom-left:3px;--awb-gap:10px;--awb-align-items:center;--awb-items-padding-top:6px;--awb-items-padding-right:15px;--awb-items-padding-bottom:6px;--awb-items-padding-left:15px;--awb-color:var(--awb-color1);--awb-active-color:var(--awb-color1);--awb-active-bg:var(--awb-color4);--awb-active-border-color:var(--awb-color2);--awb-submenu-color:var(--awb-color1);--awb-submenu-bg:var(--awb-color8);--awb-submenu-sep-color:var(--awb-color8);--awb-submenu-border-radius-top-left:4px;--awb-submenu-border-radius-top-right:4px;--awb-submenu-border-radius-bottom-right:4px;--awb-submenu-border-radius-bottom-left:4px;--awb-submenu-active-bg:var(--awb-color4);--awb-submenu-active-color:var(--awb-color1);--awb-icons-color:var(--awb-color1);--awb-icons-hover-color:var(--awb-color2);--awb-main-justify-content:flex-start;--awb-mobile-justify:flex-start;--awb-mobile-caret-left:auto;--awb-mobile-caret-right:0;--awb-fusion-font-family-typography:&quot;Red Hat Display&quot;;--awb-fusion-font-style-typography:normal;--awb-fusion-font-weight-typography:400;--awb-fusion-font-family-submenu-typography:inherit;--awb-fusion-font-style-submenu-typography:normal;--awb-fusion-font-weight-submenu-typography:400;--awb-fusion-font-family-mobile-typography:inherit;--awb-fusion-font-style-mobile-typography:normal;--awb-fusion-font-weight-mobile-typography:400;\" aria-label=\"Glic\u00f3mica Funcional y Molecular\" data-breakpoint=\"1024\" data-count=\"0\" data-transition-type=\"fade\" data-transition-time=\"300\" data-expand=\"right\"><button type=\"button\" class=\"awb-menu__m-toggle awb-menu__m-toggle_no-text\" aria-expanded=\"false\" aria-controls=\"menu-glicomica-funcional-y-molecular\"><span class=\"awb-menu__m-toggle-inner\"><span class=\"collapsed-nav-text\"><span class=\"screen-reader-text\">Toggle Navigation<\/span><\/span><span class=\"awb-menu__m-collapse-icon awb-menu__m-collapse-icon_no-text\"><span class=\"awb-menu__m-collapse-icon-open awb-menu__m-collapse-icon-open_no-text fa-bars fas\"><\/span><span class=\"awb-menu__m-collapse-icon-close awb-menu__m-collapse-icon-close_no-text fa-times fas\"><\/span><\/span><\/span><\/button><ul id=\"menu-glicomica-funcional-y-molecular\" class=\"fusion-menu awb-menu__main-ul awb-menu__main-ul_row\"><li  id=\"menu-item-2836\"  class=\"menu-item menu-item-type-post_type menu-item-object-page menu-item-2836 awb-menu__li awb-menu__main-li awb-menu__main-li_regular\"  data-item-id=\"2836\"><span class=\"awb-menu__main-background-default awb-menu__main-background-default_fade\"><\/span><span class=\"awb-menu__main-background-active awb-menu__main-background-active_fade\"><\/span><a  href=\"https:\/\/ibyme.org.ar\/investigacion\/laboratorios\/glicomica-funcional-y-molecular\/\" class=\"awb-menu__main-a awb-menu__main-a_regular\"><span class=\"menu-text\">Inicio<\/span><\/a><\/li><li  id=\"menu-item-2835\"  class=\"menu-item menu-item-type-post_type menu-item-object-page menu-item-2835 awb-menu__li awb-menu__main-li awb-menu__main-li_regular\"  data-item-id=\"2835\"><span class=\"awb-menu__main-background-default awb-menu__main-background-default_fade\"><\/span><span class=\"awb-menu__main-background-active awb-menu__main-background-active_fade\"><\/span><a  href=\"https:\/\/ibyme.org.ar\/investigacion\/laboratorios\/glicomica-funcional-y-molecular\/integrantes\/\" class=\"awb-menu__main-a awb-menu__main-a_regular\"><span class=\"menu-text\">Integrantes<\/span><\/a><\/li><li  id=\"menu-item-3464\"  class=\"menu-item menu-item-type-custom menu-item-object-custom menu-item-has-children menu-item-3464 awb-menu__li awb-menu__main-li awb-menu__main-li_regular\"  data-item-id=\"3464\"><span class=\"awb-menu__main-background-default awb-menu__main-background-default_fade\"><\/span><span class=\"awb-menu__main-background-active awb-menu__main-background-active_fade\"><\/span><a  href=\"#\" class=\"awb-menu__main-a awb-menu__main-a_regular\"><span class=\"menu-text\">L\u00edneas de Investigaci\u00f3n<\/span><span class=\"awb-menu__open-nav-submenu-hover\"><\/span><\/a><button type=\"button\" aria-label=\"Open submenu of L\u00edneas de Investigaci\u00f3n\" aria-expanded=\"false\" class=\"awb-menu__open-nav-submenu_mobile awb-menu__open-nav-submenu_main\"><\/button><ul class=\"awb-menu__sub-ul awb-menu__sub-ul_main\"><li  id=\"menu-item-2834\"  class=\"menu-item menu-item-type-post_type menu-item-object-page menu-item-2834 awb-menu__li awb-menu__sub-li\" ><a  href=\"https:\/\/ibyme.org.ar\/investigacion\/laboratorios\/glicomica-funcional-y-molecular\/lineas-de-investigacion-inmunologia\/\" class=\"awb-menu__sub-a\"><span>L\u00edneas de Investigaci\u00f3n: Inmunolog\u00eda<\/span><\/a><\/li><li  id=\"menu-item-3461\"  class=\"menu-item menu-item-type-post_type menu-item-object-page menu-item-3461 awb-menu__li awb-menu__sub-li\" ><a  href=\"https:\/\/ibyme.org.ar\/investigacion\/laboratorios\/glicomica-funcional-y-molecular\/lineas-de-investigacion-oncologia\/\" class=\"awb-menu__sub-a\"><span>L\u00edneas de Investigaci\u00f3n: Oncolog\u00eda<\/span><\/a><\/li><li  id=\"menu-item-3462\"  class=\"menu-item menu-item-type-post_type menu-item-object-page menu-item-3462 awb-menu__li awb-menu__sub-li\" ><a  href=\"https:\/\/ibyme.org.ar\/investigacion\/laboratorios\/glicomica-funcional-y-molecular\/lineas-de-investigacion-biologia-celular\/\" class=\"awb-menu__sub-a\"><span>L\u00edneas de Investigaci\u00f3n: Biolog\u00eda Celular<\/span><\/a><\/li><\/ul><\/li><li  id=\"menu-item-2833\"  class=\"menu-item menu-item-type-post_type menu-item-object-page menu-item-2833 awb-menu__li awb-menu__main-li awb-menu__main-li_regular\"  data-item-id=\"2833\"><span class=\"awb-menu__main-background-default awb-menu__main-background-default_fade\"><\/span><span class=\"awb-menu__main-background-active awb-menu__main-background-active_fade\"><\/span><a  href=\"https:\/\/ibyme.org.ar\/investigacion\/laboratorios\/glicomica-funcional-y-molecular\/publicaciones\/\" class=\"awb-menu__main-a awb-menu__main-a_regular\"><span class=\"menu-text\">Publicaciones<\/span><\/a><\/li><li  id=\"menu-item-2832\"  class=\"menu-item menu-item-type-post_type menu-item-object-page menu-item-2832 awb-menu__li awb-menu__main-li awb-menu__main-li_regular\"  data-item-id=\"2832\"><span class=\"awb-menu__main-background-default awb-menu__main-background-default_fade\"><\/span><span class=\"awb-menu__main-background-active awb-menu__main-background-active_fade\"><\/span><a  href=\"https:\/\/ibyme.org.ar\/investigacion\/laboratorios\/glicomica-funcional-y-molecular\/blog\/\" class=\"awb-menu__main-a awb-menu__main-a_regular\"><span class=\"menu-text\">Blog<\/span><\/a><\/li><li  id=\"menu-item-2831\"  class=\"menu-item menu-item-type-post_type menu-item-object-page menu-item-2831 awb-menu__li awb-menu__main-li awb-menu__main-li_regular\"  data-item-id=\"2831\"><span class=\"awb-menu__main-background-default awb-menu__main-background-default_fade\"><\/span><span class=\"awb-menu__main-background-active awb-menu__main-background-active_fade\"><\/span><a  href=\"https:\/\/ibyme.org.ar\/investigacion\/laboratorios\/glicomica-funcional-y-molecular\/contacto\/\" class=\"awb-menu__main-a awb-menu__main-a_regular\"><span class=\"menu-text\">Contacto<\/span><\/a><\/li><\/ul><\/nav><\/div><\/div><\/div><\/div><div class=\"fusion-fullwidth fullwidth-box fusion-builder-row-3 fusion-flex-container has-pattern-background has-mask-background nonhundred-percent-fullwidth non-hundred-percent-height-scrolling\" style=\"--awb-border-radius-top-left:0px;--awb-border-radius-top-right:0px;--awb-border-radius-bottom-right:0px;--awb-border-radius-bottom-left:0px;--awb-flex-wrap:wrap;\" ><div class=\"fusion-builder-row fusion-row fusion-flex-align-items-flex-start fusion-flex-content-wrap\" style=\"max-width:1248px;margin-left: calc(-4% \/ 2 );margin-right: calc(-4% \/ 2 );\"><div class=\"fusion-layout-column fusion_builder_column fusion-builder-column-1 fusion_builder_column_1_1 1_1 fusion-flex-column\" style=\"--awb-bg-size:cover;--awb-width-large:100%;--awb-margin-top-large:0px;--awb-spacing-right-large:1.92%;--awb-margin-bottom-large:20px;--awb-spacing-left-large:1.92%;--awb-width-medium:100%;--awb-order-medium:0;--awb-spacing-right-medium:1.92%;--awb-spacing-left-medium:1.92%;--awb-width-small:100%;--awb-order-small:0;--awb-spacing-right-small:1.92%;--awb-spacing-left-small:1.92%;\"><div class=\"fusion-column-wrapper fusion-column-has-shadow fusion-flex-justify-content-flex-start fusion-content-layout-column\"><nav class=\"fusion-breadcrumbs awb-yoast-breadcrumbs fusion-breadcrumbs-1\" style=\"--awb-alignment:left;--awb-breadcrumb-sep:&#039;\/&#039;;text-align:left;\" aria-label=\"Breadcrumb\"><span><span><a href=\"https:\/\/ibyme.org.ar\/investigacion\/en\/laboratories\/\">Inicio<\/a><\/span><\/span><\/nav><div class=\"fusion-title title fusion-title-1 fusion-sep-none fusion-title-text fusion-title-size-one\" style=\"--awb-text-color:var(--awb-color8);\"><h1 class=\"fusion-title-heading title-heading-left\" style=\"margin:0;\">Glic\u00f3mica Funcional y Molecular<\/h1><\/div><\/div><\/div><\/div><\/div><div class=\"fusion-fullwidth fullwidth-box fusion-builder-row-4 fusion-flex-container has-pattern-background has-mask-background nonhundred-percent-fullwidth non-hundred-percent-height-scrolling\" style=\"--awb-border-radius-top-left:0px;--awb-border-radius-top-right:0px;--awb-border-radius-bottom-right:0px;--awb-border-radius-bottom-left:0px;--awb-flex-wrap:wrap;\" ><div class=\"fusion-builder-row fusion-row fusion-flex-align-items-flex-start fusion-flex-content-wrap\" style=\"max-width:1248px;margin-left: calc(-4% \/ 2 );margin-right: calc(-4% \/ 2 );\"><div class=\"fusion-layout-column fusion_builder_column fusion-builder-column-2 fusion_builder_column_1_1 1_1 fusion-flex-column\" style=\"--awb-bg-size:cover;--awb-width-large:100%;--awb-margin-top-large:0px;--awb-spacing-right-large:1.92%;--awb-margin-bottom-large:20px;--awb-spacing-left-large:1.92%;--awb-width-medium:100%;--awb-order-medium:0;--awb-spacing-right-medium:1.92%;--awb-spacing-left-medium:1.92%;--awb-width-small:100%;--awb-order-small:0;--awb-spacing-right-small:1.92%;--awb-spacing-left-small:1.92%;\"><div class=\"fusion-column-wrapper fusion-column-has-shadow fusion-flex-justify-content-flex-start fusion-content-layout-column\"><div class=\"fusion-title title fusion-title-2 fusion-sep-none fusion-title-text fusion-title-size-two\" style=\"--awb-text-color:var(--awb-color5);--awb-font-size:22px;\"><h2 class=\"fusion-title-heading title-heading-left\" style=\"font-family:&quot;Red Hat Display&quot;;font-style:normal;font-weight:700;margin:0;font-size:1em;\">L\u00edneas de Investigaci\u00f3n: Biolog\u00eda Celular<\/h2><\/div><\/div><\/div><\/div><\/div><div class=\"fusion-fullwidth fullwidth-box fusion-builder-row-5 fusion-flex-container has-pattern-background has-mask-background nonhundred-percent-fullwidth non-hundred-percent-height-scrolling\" style=\"--awb-border-radius-top-left:0px;--awb-border-radius-top-right:0px;--awb-border-radius-bottom-right:0px;--awb-border-radius-bottom-left:0px;--awb-flex-wrap:wrap;\" ><div class=\"fusion-builder-row fusion-row fusion-flex-align-items-flex-start fusion-flex-content-wrap\" style=\"max-width:1248px;margin-left: calc(-4% \/ 2 );margin-right: calc(-4% \/ 2 );\"><div class=\"fusion-layout-column fusion_builder_column fusion-builder-column-3 fusion_builder_column_1_1 1_1 fusion-flex-column\" style=\"--awb-bg-size:cover;--awb-width-large:100%;--awb-margin-top-large:0px;--awb-spacing-right-large:1.92%;--awb-margin-bottom-large:20px;--awb-spacing-left-large:1.92%;--awb-width-medium:100%;--awb-order-medium:0;--awb-spacing-right-medium:1.92%;--awb-spacing-left-medium:1.92%;--awb-width-small:100%;--awb-order-small:0;--awb-spacing-right-small:1.92%;--awb-spacing-left-small:1.92%;\"><div class=\"fusion-column-wrapper fusion-column-has-shadow fusion-flex-justify-content-flex-start fusion-content-layout-column\"><div class=\"fusion-text fusion-text-1\"><p>La glicosilaci\u00f3n es una de las modificaciones post-traduccionales m\u00e1s abundantes: en eucariontes; m\u00e1s del 50% de las prote\u00ednas est\u00e1n glicosiladas y se estima que entre el 0,5 y el 1% del genoma humano esta dedicado a enzimas involucradas en la bios\u00edntesis o degradaci\u00f3n de glicoconjugados. El an\u00e1lisis estructural detallado de los glicoconjugados de un cierto organismo o Glic\u00f3mica (Glycomics), complementa la informaci\u00f3n obtenida a trav\u00e9s de la prote\u00f3mica o gen\u00f3mica y provee una visi\u00f3n m\u00e1s real e integrada del complejo sistema celular.<\/p>\n<p>En nuestro laboratorio estudiamos mediante abordajes moleculares, celulares y fisiol\u00f3gicos, la glicosilaci\u00f3n y su modificaci\u00f3n fisiopatol\u00f3gica como factor clave en la comunicaci\u00f3n celular y el desarrollo de enfermedades inflamatorias intestinales (EII) y neopl\u00e1sicas intestinales. Nos interesa elucidar los mecanismos por los que esta alteraci\u00f3n (ya sea producto del proceso inflamatorio o como antecedente por deficiencias gen\u00e9ticas y\/o de actividad en glicoenzimas) puede afectar la homeostasis intestinal. Esta remodelaci\u00f3n modificar\u00eda la intercomunicaci\u00f3n celular a varios niveles, estableciendo un nuevo nivel de regulaci\u00f3n de las respuestas fisiol\u00f3gicas.<\/p>\n<p>Nuestro fin \u00faltimo es poder acercar la glicobiolog\u00eda a la medicina translacional, y proveer herramientas que permitan adaptar el glicoan\u00e1lisis al entorno cl\u00ednico.<\/p>\n<p>Desde un punto de vista biotecnol\u00f3gico, y dada la relevancia de la glicosilaci\u00f3n en la actividad de productos biol\u00f3gicos y bioterap\u00e9uticos, asistimos mediante Servicios tecnol\u00f3gicos de alto nivel (STANs) a Empresas Biotecnol\u00f3gicas y Biofarmac\u00e9uticas a nivel nacional y regional.<\/p>\n<\/div><\/div><\/div><\/div><\/div><\/p>\n","protected":false},"excerpt":{"rendered":"","protected":false},"author":34,"featured_media":0,"parent":2194,"menu_order":2,"comment_status":"closed","ping_status":"closed","template":"100-width.php","meta":{"_acf_changed":false,"inline_featured_image":false,"wpupg_custom_link":[],"wpupg_custom_link_behaviour":["default"],"wpupg_custom_link_nofollow":[],"wpupg_custom_image":[],"wpupg_custom_image_id":[],"footnotes":""},"page_category":[],"class_list":["post-3155","page","type-page","status-publish","hentry"],"acf":[],"yoast_head":"<!-- This site is optimized with the Yoast SEO plugin v26.6 - https:\/\/yoast.com\/wordpress\/plugins\/seo\/ -->\n<title>L\u00edneas de Investigaci\u00f3n: Biolog\u00eda Celular - IBYME<\/title>\n<meta name=\"robots\" content=\"index, follow, max-snippet:-1, max-image-preview:large, max-video-preview:-1\" \/>\n<link rel=\"canonical\" href=\"https:\/\/ibyme.org.ar\/investigacion\/es\/laboratorios\/glicomica-funcional-y-molecular\/lineas-de-investigacion-biologia-celular\/\" \/>\n<meta property=\"og:locale\" content=\"es_ES\" \/>\n<meta property=\"og:type\" content=\"article\" \/>\n<meta property=\"og:title\" content=\"L\u00edneas de Investigaci\u00f3n: Biolog\u00eda Celular - IBYME\" \/>\n<meta property=\"og:url\" content=\"https:\/\/ibyme.org.ar\/investigacion\/es\/laboratorios\/glicomica-funcional-y-molecular\/lineas-de-investigacion-biologia-celular\/\" \/>\n<meta property=\"og:site_name\" content=\"IBYME\" \/>\n<meta property=\"article:modified_time\" content=\"2023-04-11T16:11:01+00:00\" \/>\n<meta name=\"twitter:card\" content=\"summary_large_image\" \/>\n<meta name=\"twitter:label1\" content=\"Tiempo de lectura\" \/>\n\t<meta name=\"twitter:data1\" content=\"8 minutos\" \/>\n<script type=\"application\/ld+json\" class=\"yoast-schema-graph\">{\"@context\":\"https:\/\/schema.org\",\"@graph\":[{\"@type\":\"WebPage\",\"@id\":\"https:\/\/ibyme.org.ar\/investigacion\/es\/laboratorios\/glicomica-funcional-y-molecular\/lineas-de-investigacion-biologia-celular\/\",\"url\":\"https:\/\/ibyme.org.ar\/investigacion\/es\/laboratorios\/glicomica-funcional-y-molecular\/lineas-de-investigacion-biologia-celular\/\",\"name\":\"L\u00edneas de Investigaci\u00f3n: Biolog\u00eda Celular - IBYME\",\"isPartOf\":{\"@id\":\"https:\/\/ibyme.org.ar\/investigacion\/en\/#website\"},\"datePublished\":\"2023-04-02T17:37:10+00:00\",\"dateModified\":\"2023-04-11T16:11:01+00:00\",\"breadcrumb\":{\"@id\":\"https:\/\/ibyme.org.ar\/investigacion\/es\/laboratorios\/glicomica-funcional-y-molecular\/lineas-de-investigacion-biologia-celular\/#breadcrumb\"},\"inLanguage\":\"es\",\"potentialAction\":[{\"@type\":\"ReadAction\",\"target\":[\"https:\/\/ibyme.org.ar\/investigacion\/es\/laboratorios\/glicomica-funcional-y-molecular\/lineas-de-investigacion-biologia-celular\/\"]}]},{\"@type\":\"BreadcrumbList\",\"@id\":\"https:\/\/ibyme.org.ar\/investigacion\/es\/laboratorios\/glicomica-funcional-y-molecular\/lineas-de-investigacion-biologia-celular\/#breadcrumb\",\"itemListElement\":[{\"@type\":\"ListItem\",\"position\":1,\"name\":\"Inicio\",\"item\":\"https:\/\/ibyme.org.ar\/investigacion\/en\/laboratories\/\"},{\"@type\":\"ListItem\",\"position\":2,\"name\":\"Laboratorios\",\"item\":\"https:\/\/ibyme.org.ar\/investigacion\/en\/laboratories\/\"},{\"@type\":\"ListItem\",\"position\":3,\"name\":\"Glic\u00f3mica Funcional y Molecular\",\"item\":\"https:\/\/ibyme.org.ar\/investigacion\/laboratorios\/glicomica-funcional-y-molecular\/\"},{\"@type\":\"ListItem\",\"position\":4,\"name\":\"L\u00edneas de Investigaci\u00f3n: Biolog\u00eda Celular\"}]},{\"@type\":\"WebSite\",\"@id\":\"https:\/\/ibyme.org.ar\/investigacion\/en\/#website\",\"url\":\"https:\/\/ibyme.org.ar\/investigacion\/en\/\",\"name\":\"IBYME\",\"description\":\"Instituto de Biolog\u00eda y Medicina Experimental\",\"potentialAction\":[{\"@type\":\"SearchAction\",\"target\":{\"@type\":\"EntryPoint\",\"urlTemplate\":\"https:\/\/ibyme.org.ar\/investigacion\/en\/?s={search_term_string}\"},\"query-input\":{\"@type\":\"PropertyValueSpecification\",\"valueRequired\":true,\"valueName\":\"search_term_string\"}}],\"inLanguage\":\"es\"}]}<\/script>\n<!-- \/ Yoast SEO plugin. -->","yoast_head_json":{"title":"L\u00edneas de Investigaci\u00f3n: Biolog\u00eda Celular - IBYME","robots":{"index":"index","follow":"follow","max-snippet":"max-snippet:-1","max-image-preview":"max-image-preview:large","max-video-preview":"max-video-preview:-1"},"canonical":"https:\/\/ibyme.org.ar\/investigacion\/es\/laboratorios\/glicomica-funcional-y-molecular\/lineas-de-investigacion-biologia-celular\/","og_locale":"es_ES","og_type":"article","og_title":"L\u00edneas de Investigaci\u00f3n: Biolog\u00eda Celular - IBYME","og_url":"https:\/\/ibyme.org.ar\/investigacion\/es\/laboratorios\/glicomica-funcional-y-molecular\/lineas-de-investigacion-biologia-celular\/","og_site_name":"IBYME","article_modified_time":"2023-04-11T16:11:01+00:00","twitter_card":"summary_large_image","twitter_misc":{"Tiempo de lectura":"8 minutos"},"schema":{"@context":"https:\/\/schema.org","@graph":[{"@type":"WebPage","@id":"https:\/\/ibyme.org.ar\/investigacion\/es\/laboratorios\/glicomica-funcional-y-molecular\/lineas-de-investigacion-biologia-celular\/","url":"https:\/\/ibyme.org.ar\/investigacion\/es\/laboratorios\/glicomica-funcional-y-molecular\/lineas-de-investigacion-biologia-celular\/","name":"L\u00edneas de Investigaci\u00f3n: Biolog\u00eda Celular - IBYME","isPartOf":{"@id":"https:\/\/ibyme.org.ar\/investigacion\/en\/#website"},"datePublished":"2023-04-02T17:37:10+00:00","dateModified":"2023-04-11T16:11:01+00:00","breadcrumb":{"@id":"https:\/\/ibyme.org.ar\/investigacion\/es\/laboratorios\/glicomica-funcional-y-molecular\/lineas-de-investigacion-biologia-celular\/#breadcrumb"},"inLanguage":"es","potentialAction":[{"@type":"ReadAction","target":["https:\/\/ibyme.org.ar\/investigacion\/es\/laboratorios\/glicomica-funcional-y-molecular\/lineas-de-investigacion-biologia-celular\/"]}]},{"@type":"BreadcrumbList","@id":"https:\/\/ibyme.org.ar\/investigacion\/es\/laboratorios\/glicomica-funcional-y-molecular\/lineas-de-investigacion-biologia-celular\/#breadcrumb","itemListElement":[{"@type":"ListItem","position":1,"name":"Inicio","item":"https:\/\/ibyme.org.ar\/investigacion\/en\/laboratories\/"},{"@type":"ListItem","position":2,"name":"Laboratorios","item":"https:\/\/ibyme.org.ar\/investigacion\/en\/laboratories\/"},{"@type":"ListItem","position":3,"name":"Glic\u00f3mica Funcional y Molecular","item":"https:\/\/ibyme.org.ar\/investigacion\/laboratorios\/glicomica-funcional-y-molecular\/"},{"@type":"ListItem","position":4,"name":"L\u00edneas de Investigaci\u00f3n: Biolog\u00eda Celular"}]},{"@type":"WebSite","@id":"https:\/\/ibyme.org.ar\/investigacion\/en\/#website","url":"https:\/\/ibyme.org.ar\/investigacion\/en\/","name":"IBYME","description":"Instituto de Biolog\u00eda y Medicina Experimental","potentialAction":[{"@type":"SearchAction","target":{"@type":"EntryPoint","urlTemplate":"https:\/\/ibyme.org.ar\/investigacion\/en\/?s={search_term_string}"},"query-input":{"@type":"PropertyValueSpecification","valueRequired":true,"valueName":"search_term_string"}}],"inLanguage":"es"}]}},"_links":{"self":[{"href":"https:\/\/ibyme.org.ar\/investigacion\/wp-json\/wp\/v2\/pages\/3155","targetHints":{"allow":["GET"]}}],"collection":[{"href":"https:\/\/ibyme.org.ar\/investigacion\/wp-json\/wp\/v2\/pages"}],"about":[{"href":"https:\/\/ibyme.org.ar\/investigacion\/wp-json\/wp\/v2\/types\/page"}],"author":[{"embeddable":true,"href":"https:\/\/ibyme.org.ar\/investigacion\/wp-json\/wp\/v2\/users\/34"}],"replies":[{"embeddable":true,"href":"https:\/\/ibyme.org.ar\/investigacion\/wp-json\/wp\/v2\/comments?post=3155"}],"version-history":[{"count":2,"href":"https:\/\/ibyme.org.ar\/investigacion\/wp-json\/wp\/v2\/pages\/3155\/revisions"}],"predecessor-version":[{"id":3591,"href":"https:\/\/ibyme.org.ar\/investigacion\/wp-json\/wp\/v2\/pages\/3155\/revisions\/3591"}],"up":[{"embeddable":true,"href":"https:\/\/ibyme.org.ar\/investigacion\/wp-json\/wp\/v2\/pages\/2194"}],"wp:attachment":[{"href":"https:\/\/ibyme.org.ar\/investigacion\/wp-json\/wp\/v2\/media?parent=3155"}],"wp:term":[{"taxonomy":"page_category","embeddable":true,"href":"https:\/\/ibyme.org.ar\/investigacion\/wp-json\/wp\/v2\/page_category?post=3155"}],"curies":[{"name":"wp","href":"https:\/\/api.w.org\/{rel}","templated":true}]}}