{"id":4874,"date":"2023-04-09T21:39:48","date_gmt":"2023-04-10T00:39:48","guid":{"rendered":"https:\/\/ibyme.org.ar\/investigacion\/?page_id=4874"},"modified":"2023-05-26T13:08:55","modified_gmt":"2023-05-26T16:08:55","slug":"covid-19","status":"publish","type":"page","link":"https:\/\/ibyme.org.ar\/investigacion\/transferencia-de-tecnologia\/covid-19\/","title":{"rendered":"COVID-19"},"content":{"rendered":"<p><div class=\"fusion-fullwidth fullwidth-box fusion-builder-row-1 fusion-flex-container has-pattern-background has-mask-background fusion-parallax-none hundred-percent-fullwidth non-hundred-percent-height-scrolling\" style=\"--awb-border-radius-top-left:0px;--awb-border-radius-top-right:0px;--awb-border-radius-bottom-right:0px;--awb-border-radius-bottom-left:0px;--awb-margin-top:0px;--awb-margin-bottom:30px;--awb-min-height:300px;--awb-background-image:url(&quot;https:\/\/ibyme.org.ar\/investigacion\/wp-content\/uploads\/2023\/04\/header-covid-02.jpg&quot;);--awb-background-size:cover;--awb-flex-wrap:wrap;\" ><div class=\"fusion-builder-row fusion-row fusion-flex-align-items-flex-start fusion-flex-content-wrap\" style=\"width:104% !important;max-width:104% !important;margin-left: calc(-4% \/ 2 );margin-right: calc(-4% \/ 2 );\"><\/div><\/div><div class=\"fusion-fullwidth fullwidth-box fusion-builder-row-2 fusion-flex-container has-pattern-background has-mask-background nonhundred-percent-fullwidth non-hundred-percent-height-scrolling\" style=\"--awb-border-radius-top-left:0px;--awb-border-radius-top-right:0px;--awb-border-radius-bottom-right:0px;--awb-border-radius-bottom-left:0px;--awb-flex-wrap:wrap;\" ><div class=\"fusion-builder-row fusion-row fusion-flex-align-items-flex-start fusion-flex-content-wrap\" style=\"max-width:1248px;margin-left: calc(-4% \/ 2 );margin-right: calc(-4% \/ 2 );\"><div class=\"fusion-layout-column fusion_builder_column fusion-builder-column-0 fusion_builder_column_1_1 1_1 fusion-flex-column\" style=\"--awb-bg-size:cover;--awb-width-large:100%;--awb-margin-top-large:0px;--awb-spacing-right-large:1.92%;--awb-margin-bottom-large:20px;--awb-spacing-left-large:1.92%;--awb-width-medium:100%;--awb-order-medium:0;--awb-spacing-right-medium:1.92%;--awb-spacing-left-medium:1.92%;--awb-width-small:100%;--awb-order-small:0;--awb-spacing-right-small:1.92%;--awb-spacing-left-small:1.92%;\"><div class=\"fusion-column-wrapper fusion-column-has-shadow fusion-flex-justify-content-flex-start fusion-content-layout-column\"><nav class=\"fusion-breadcrumbs awb-yoast-breadcrumbs fusion-breadcrumbs-1\" style=\"--awb-alignment:left;--awb-breadcrumb-sep:&#039;\/&#039;;text-align:left;\" aria-label=\"Breadcrumb\"><span><span><a href=\"https:\/\/ibyme.org.ar\/investigacion\/en\/laboratories\/\">Inicio<\/a><\/span><\/span><\/nav><div class=\"fusion-title title fusion-title-1 fusion-sep-none fusion-title-text fusion-title-size-one\"><h1 class=\"fusion-title-heading title-heading-left\" style=\"margin:0;\">COVID-19<\/h1><\/div><div class=\"fusion-text fusion-text-1\"><p>Unimos esfuerzos, para encontrar nuevas y mejores respuestas frente a las situaciones cr\u00edticas que afligen a la sociedad. Por eso el IBYME se sum\u00f3 a la investigaci\u00f3n en COVID 19 para atender las necesidades de respuesta durante la pandemia, trabajando en temas de prevenci\u00f3n y vacunas, as\u00ed como tambi\u00e9n en el estudio de sus efectos a futuro.<\/p>\n<\/div><\/div><\/div><\/div><\/div><div class=\"fusion-fullwidth fullwidth-box fusion-builder-row-3 fusion-flex-container has-pattern-background has-mask-background nonhundred-percent-fullwidth non-hundred-percent-height-scrolling\" style=\"--awb-border-radius-top-left:0px;--awb-border-radius-top-right:0px;--awb-border-radius-bottom-right:0px;--awb-border-radius-bottom-left:0px;--awb-flex-wrap:wrap;\" ><div class=\"fusion-builder-row fusion-row fusion-flex-align-items-flex-start fusion-flex-content-wrap\" style=\"max-width:1248px;margin-left: calc(-4% \/ 2 );margin-right: calc(-4% \/ 2 );\"><div class=\"fusion-layout-column fusion_builder_column fusion-builder-column-1 fusion_builder_column_1_1 1_1 fusion-flex-column\" style=\"--awb-bg-size:cover;--awb-width-large:100%;--awb-margin-top-large:0px;--awb-spacing-right-large:1.92%;--awb-margin-bottom-large:20px;--awb-spacing-left-large:1.92%;--awb-width-medium:100%;--awb-order-medium:0;--awb-spacing-right-medium:1.92%;--awb-spacing-left-medium:1.92%;--awb-width-small:100%;--awb-order-small:0;--awb-spacing-right-small:1.92%;--awb-spacing-left-small:1.92%;\"><div class=\"fusion-column-wrapper fusion-column-has-shadow fusion-flex-justify-content-flex-start fusion-content-layout-column\"><div class=\"fusion-title title fusion-title-2 sep-underline sep-solid fusion-title-text fusion-title-size-two\" style=\"--awb-text-color:#2b5394;--awb-margin-top:0px;--awb-link-color:var(--awb-color5);--awb-link-hover-color:var(--awb-color4);--awb-sep-color:var(--awb-color4);--awb-font-size:22px;\"><h2 class=\"fusion-title-heading title-heading-left\" style=\"margin:0;font-size:1em;\"><a href=\"https:\/\/ibyme.org.ar\/investigacion\/laboratorios\/estudios-de-la-fisiopatologia-del-ovario\" class=\"awb-custom-text-color awb-custom-text-hover-color\" target=\"_self\"><p>Laboratorio de Estudios de la Fisiopatolog\u00eda del Ovario<br \/>\nDra. Mar\u00eda Fernanda Parborell<\/p><\/a><\/h2><\/div><\/div><\/div><div class=\"fusion-layout-column fusion_builder_column fusion-builder-column-2 fusion_builder_column_1_1 1_1 fusion-flex-column\" style=\"--awb-padding-top:20px;--awb-padding-right:50px;--awb-padding-bottom:20px;--awb-padding-left:50px;--awb-bg-color:var(--awb-color3);--awb-bg-color-hover:var(--awb-color3);--awb-bg-size:cover;--awb-width-large:100%;--awb-margin-top-large:0px;--awb-spacing-right-large:1.92%;--awb-margin-bottom-large:20px;--awb-spacing-left-large:1.92%;--awb-width-medium:100%;--awb-order-medium:0;--awb-spacing-right-medium:1.92%;--awb-spacing-left-medium:1.92%;--awb-width-small:100%;--awb-order-small:0;--awb-spacing-right-small:1.92%;--awb-spacing-left-small:1.92%;\"><div class=\"fusion-column-wrapper fusion-column-has-shadow fusion-flex-justify-content-flex-start fusion-content-layout-column\"><div class=\"fusion-title title fusion-title-3 fusion-sep-none fusion-title-text fusion-title-size-two\" style=\"--awb-text-color:var(--awb-color5);--awb-font-size:22px;\"><h2 class=\"fusion-title-heading title-heading-left\" style=\"margin:0;font-size:1em;\">El otro lado de la pandemia: efecto de covid-19 y vacunas sobre la fertilidad femenina<\/h2><\/div><div class=\"fusion-text fusion-text-2\"><p><span style=\"color: #2b5394;\">Descripci\u00f3n:\u00a0<\/span>Previamente, hemos demostrado que hasta 9 meses post infecci\u00f3n por SARS-CoV-2 se pueden observar alteraciones en la funci\u00f3n ov\u00e1rica. Hasta ahora, ning\u00fan estudio ha evaluado el efecto de la infecci\u00f3n por SARS-CoV-2 en per\u00edodos m\u00e1s prolongados y el efecto de las vacunas sobre la g\u00f3nada femenina. En este proyecto, se plantearon 2 objetivos: a) Evaluar la funci\u00f3n ov\u00e1rica en pacientes que han padecido COVID-19 (s\u00edntomas leves) hasta 18 meses post infecci\u00f3n y b) Evaluar el efecto de las vacunas contra COVID-19 (virus inactivado y adenovirus) sobre el \u00e9xito reproductivo.<\/p>\n<p><span style=\"color: #2b5394;\">Estado:<\/span> Vigente<\/p>\n<\/div><\/div><\/div><div class=\"fusion-layout-column fusion_builder_column fusion-builder-column-3 fusion_builder_column_1_1 1_1 fusion-flex-column\" style=\"--awb-bg-size:cover;--awb-width-large:100%;--awb-margin-top-large:30px;--awb-spacing-right-large:1.92%;--awb-margin-bottom-large:20px;--awb-spacing-left-large:1.92%;--awb-width-medium:100%;--awb-order-medium:0;--awb-spacing-right-medium:1.92%;--awb-spacing-left-medium:1.92%;--awb-width-small:100%;--awb-order-small:0;--awb-spacing-right-small:1.92%;--awb-spacing-left-small:1.92%;\"><div class=\"fusion-column-wrapper fusion-column-has-shadow fusion-flex-justify-content-flex-start fusion-content-layout-column\"><div class=\"fusion-title title fusion-title-4 sep-underline sep-solid fusion-title-text fusion-title-size-two\" style=\"--awb-text-color:#2b5394;--awb-margin-top:0px;--awb-link-color:var(--awb-color5);--awb-link-hover-color:var(--awb-color4);--awb-sep-color:var(--awb-color4);--awb-font-size:22px;\"><h2 class=\"fusion-title-heading title-heading-left\" style=\"margin:0;font-size:1em;\"><a href=\"https:\/\/ibyme.org.ar\/investigacion\/laboratorios\/glicomedicina\/\" class=\"awb-custom-text-color awb-custom-text-hover-color\" target=\"_self\"><p>Laboratorio de Glicomedicina<br \/>\nDr. Gabriel Rabinovich<\/p><\/a><\/h2><\/div><\/div><\/div><div class=\"fusion-layout-column fusion_builder_column fusion-builder-column-4 fusion_builder_column_1_1 1_1 fusion-flex-column\" style=\"--awb-padding-top:20px;--awb-padding-right:50px;--awb-padding-bottom:20px;--awb-padding-left:50px;--awb-bg-color:var(--awb-color3);--awb-bg-color-hover:var(--awb-color3);--awb-bg-size:cover;--awb-width-large:100%;--awb-margin-top-large:0px;--awb-spacing-right-large:1.92%;--awb-margin-bottom-large:20px;--awb-spacing-left-large:1.92%;--awb-width-medium:100%;--awb-order-medium:0;--awb-spacing-right-medium:1.92%;--awb-spacing-left-medium:1.92%;--awb-width-small:100%;--awb-order-small:0;--awb-spacing-right-small:1.92%;--awb-spacing-left-small:1.92%;\"><div class=\"fusion-column-wrapper fusion-column-has-shadow fusion-flex-justify-content-flex-start fusion-content-layout-column\"><div class=\"fusion-title title fusion-title-5 fusion-sep-none fusion-title-text fusion-title-size-two\" style=\"--awb-text-color:var(--awb-color5);--awb-font-size:22px;\"><h2 class=\"fusion-title-heading title-heading-left\" style=\"margin:0;font-size:1em;\">B\u00fasqueda racional de nuevos agentes anti-virales e inflamatorios en la infecci\u00f3n por el coronavirus SARS-CoV-2<\/h2><\/div><div class=\"fusion-text fusion-text-3\"><p><span style=\"color: #2b5394;\">Descripci\u00f3n:<\/span>En este proyecto, teniendo en cuenta la estructura de la prote\u00edna Spike del coronavirus, dise\u00f1amos mol\u00e9culas con caracter\u00edsticas anti-virales y anti-inflamatorias que permitan modular la severidad de la infecci\u00f3n.<\/p>\n<p><span style=\"color: #2b5394;\">Estado:<\/span> Vigente<\/p>\n<\/div><\/div><\/div><div class=\"fusion-layout-column fusion_builder_column fusion-builder-column-5 fusion_builder_column_1_1 1_1 fusion-flex-column\" style=\"--awb-padding-top:20px;--awb-padding-right:50px;--awb-padding-bottom:20px;--awb-padding-left:50px;--awb-bg-color:var(--awb-color3);--awb-bg-color-hover:var(--awb-color3);--awb-bg-size:cover;--awb-width-large:100%;--awb-margin-top-large:0px;--awb-spacing-right-large:1.92%;--awb-margin-bottom-large:20px;--awb-spacing-left-large:1.92%;--awb-width-medium:100%;--awb-order-medium:0;--awb-spacing-right-medium:1.92%;--awb-spacing-left-medium:1.92%;--awb-width-small:100%;--awb-order-small:0;--awb-spacing-right-small:1.92%;--awb-spacing-left-small:1.92%;\"><div class=\"fusion-column-wrapper fusion-column-has-shadow fusion-flex-justify-content-flex-start fusion-content-layout-column\"><div class=\"fusion-title title fusion-title-6 fusion-sep-none fusion-title-text fusion-title-size-two\" style=\"--awb-text-color:var(--awb-color5);--awb-font-size:22px;\"><h2 class=\"fusion-title-heading title-heading-left\" style=\"margin:0;font-size:1em;\">COVID-T: Una plataforma para medir la respuesta celular espec\u00edfica de SARS-CoV-2<\/h2><\/div><div class=\"fusion-text fusion-text-4\"><p><span style=\"color: #2b5394;\">Descripci\u00f3n:<\/span>Este proyecto permiti\u00f3 establecer una plataforma de medici\u00f3n de la respuesta celular T espec\u00edfica del virus SARS-CoV-2, a los fines de monitorear la eficacia de diferentes estrategias y protocolos de vacunaci\u00f3n y la inmunidad generada a partir de la infecci\u00f3n natural.<\/p>\n<p><span style=\"color: #2b5394;\">Estado:<\/span> Vigente<\/p>\n<\/div><\/div><\/div><div class=\"fusion-layout-column fusion_builder_column fusion-builder-column-6 fusion_builder_column_1_1 1_1 fusion-flex-column\" style=\"--awb-bg-size:cover;--awb-width-large:100%;--awb-margin-top-large:30px;--awb-spacing-right-large:1.92%;--awb-margin-bottom-large:20px;--awb-spacing-left-large:1.92%;--awb-width-medium:100%;--awb-order-medium:0;--awb-spacing-right-medium:1.92%;--awb-spacing-left-medium:1.92%;--awb-width-small:100%;--awb-order-small:0;--awb-spacing-right-small:1.92%;--awb-spacing-left-small:1.92%;\"><div class=\"fusion-column-wrapper fusion-column-has-shadow fusion-flex-justify-content-flex-start fusion-content-layout-column\"><div class=\"fusion-title title fusion-title-7 sep-underline sep-solid fusion-title-text fusion-title-size-two\" style=\"--awb-text-color:#2b5394;--awb-margin-top:0px;--awb-link-color:var(--awb-color5);--awb-link-hover-color:var(--awb-color4);--awb-sep-color:var(--awb-color4);--awb-font-size:22px;\"><h2 class=\"fusion-title-heading title-heading-left\" style=\"margin:0;font-size:1em;\"><a href=\"https:\/\/ibyme.org.ar\/investigacion\/laboratorios\/biotecnologia-farmaceutica\/\" class=\"awb-custom-text-color awb-custom-text-hover-color\" target=\"_self\"><p>Laboratorio de Biotecnolog\u00eda Farmac\u00e9utica<br \/>\nDr. Gustavo Helguera<\/p><\/a><\/h2><\/div><\/div><\/div><div class=\"fusion-layout-column fusion_builder_column fusion-builder-column-7 fusion_builder_column_1_1 1_1 fusion-flex-column\" style=\"--awb-padding-top:20px;--awb-padding-right:50px;--awb-padding-bottom:20px;--awb-padding-left:50px;--awb-bg-color:var(--awb-color3);--awb-bg-color-hover:var(--awb-color3);--awb-bg-size:cover;--awb-width-large:100%;--awb-margin-top-large:0px;--awb-spacing-right-large:1.92%;--awb-margin-bottom-large:20px;--awb-spacing-left-large:1.92%;--awb-width-medium:100%;--awb-order-medium:0;--awb-spacing-right-medium:1.92%;--awb-spacing-left-medium:1.92%;--awb-width-small:100%;--awb-order-small:0;--awb-spacing-right-small:1.92%;--awb-spacing-left-small:1.92%;\"><div class=\"fusion-column-wrapper fusion-column-has-shadow fusion-flex-justify-content-flex-start fusion-content-layout-column\"><div class=\"fusion-title title fusion-title-8 fusion-sep-none fusion-title-text fusion-title-size-two\" style=\"--awb-text-color:var(--awb-color5);--awb-font-size:22px;\"><h2 class=\"fusion-title-heading title-heading-left\" style=\"margin:0;font-size:1em;\">Determinaci\u00f3n de Anticuerpos Neutralizantes de SARS-CoV-2 (COVID-19) en muestras serol\u00f3gicas<\/h2><\/div><div class=\"fusion-text fusion-text-5\"><p><span style=\"color: #2b5394;\">Descripci\u00f3n:\u00a0<\/span>Test serol\u00f3gico de determinaci\u00f3n de anticuerpos neutralizantes de SARS-CoV-2 en muestras de plasma o suero de personas vacunadas o convalecientes de COVID-19. Se determinar\u00e1 en las muestras serol\u00f3gicas la capacidad de los anticuerpos para bloquear la internalizaci\u00f3n celular de part\u00edculas pseudotipadas con la variante D614G prote\u00edna S de SARS-CoV-2, que es una mutaci\u00f3n prevalente en las variantes de que est\u00e1n circulando en la actualidad. A partir de este proyecto se aprob\u00f3 el STAN 5604 titulado: \u201cDeterminaci\u00f3n de Anticuerpos Neutralizantes de SARS-CoV-2 (COVID-19) en muestras serol\u00f3gicas\u201d.<\/p>\n<p><span style=\"color: #2b5394;\">Estado:<\/span> Finalizado<\/p>\n<\/div><\/div><\/div><div class=\"fusion-layout-column fusion_builder_column fusion-builder-column-8 fusion_builder_column_1_1 1_1 fusion-flex-column\" style=\"--awb-bg-size:cover;--awb-width-large:100%;--awb-margin-top-large:30px;--awb-spacing-right-large:1.92%;--awb-margin-bottom-large:20px;--awb-spacing-left-large:1.92%;--awb-width-medium:100%;--awb-order-medium:0;--awb-spacing-right-medium:1.92%;--awb-spacing-left-medium:1.92%;--awb-width-small:100%;--awb-order-small:0;--awb-spacing-right-small:1.92%;--awb-spacing-left-small:1.92%;\"><div class=\"fusion-column-wrapper fusion-column-has-shadow fusion-flex-justify-content-flex-start fusion-content-layout-column\"><div class=\"fusion-title title fusion-title-9 sep-underline sep-solid fusion-title-text fusion-title-size-two\" style=\"--awb-text-color:#2b5394;--awb-margin-top:0px;--awb-link-color:var(--awb-color5);--awb-link-hover-color:var(--awb-color4);--awb-sep-color:var(--awb-color4);--awb-font-size:22px;\"><h2 class=\"fusion-title-heading title-heading-left\" style=\"margin:0;font-size:1em;\"><a href=\"https:\/\/ibyme.org.ar\/investigacion\/laboratorios\/neuro-inmuno-endocrinologia-testicular\/\" class=\"awb-custom-text-color awb-custom-text-hover-color\" target=\"_self\"><p>Laboratorio de Neuro-Inmuno-Endocrinolog\u00eda Testicular<br \/>\nDra. M\u00f3nica Beatriz Frungieri<\/p><\/a><\/h2><\/div><\/div><\/div><div class=\"fusion-layout-column fusion_builder_column fusion-builder-column-9 fusion_builder_column_1_1 1_1 fusion-flex-column\" style=\"--awb-padding-top:20px;--awb-padding-right:50px;--awb-padding-bottom:20px;--awb-padding-left:50px;--awb-bg-color:var(--awb-color3);--awb-bg-color-hover:var(--awb-color3);--awb-bg-size:cover;--awb-width-large:100%;--awb-margin-top-large:0px;--awb-spacing-right-large:1.92%;--awb-margin-bottom-large:20px;--awb-spacing-left-large:1.92%;--awb-width-medium:100%;--awb-order-medium:0;--awb-spacing-right-medium:1.92%;--awb-spacing-left-medium:1.92%;--awb-width-small:100%;--awb-order-small:0;--awb-spacing-right-small:1.92%;--awb-spacing-left-small:1.92%;\"><div class=\"fusion-column-wrapper fusion-column-has-shadow fusion-flex-justify-content-flex-start fusion-content-layout-column\"><div class=\"fusion-title title fusion-title-10 fusion-sep-none fusion-title-text fusion-title-size-two\" style=\"--awb-text-color:var(--awb-color5);--awb-font-size:22px;\"><h2 class=\"fusion-title-heading title-heading-left\" style=\"margin:0;font-size:1em;\">Posibles implicancias de la infecci\u00f3n por SARS-CoV-2 sobre la funcionalidad del sistema reproductor masculino: evaluaci\u00f3n de par\u00e1metros oxidativos e inflamatorios en el semen de individuos recuperados de la enfermedad.<\/h2><\/div><div class=\"fusion-text fusion-text-6\"><p><span style=\"color: #2b5394;\">Descripci\u00f3n:\u00a0<\/span>Este Proyecto investiga el impacto de la infecci\u00f3n con SARS-CoV-2 sobre la funci\u00f3n reproductiva masculina, abordando el estudio bioqu\u00edmico y molecular de marcadores inflamatorios y de estr\u00e9s oxidativo en el semen de individuos recuperados de la enfermedad versus individuos sin diagn\u00f3stico cl\u00ednico y\/o molecular, presente o pasado, de infecci\u00f3n. Variaciones en los niveles de dichos marcadores podr\u00edan reflejar cambios ocurridos a nivel testicular y\/o de las gl\u00e1ndulas sexuales accesorias como consecuencia del da\u00f1o directo o indirecto ejercido por el virus en estos tejidos y alterar la cantidad\/calidad esperm\u00e1tica.<\/p>\n<p><span style=\"color: #2b5394;\">Estado:<\/span> Vigente<\/p>\n<\/div><\/div><\/div><\/div><\/div><\/p>\n","protected":false},"excerpt":{"rendered":"","protected":false},"author":1,"featured_media":0,"parent":1072,"menu_order":0,"comment_status":"closed","ping_status":"closed","template":"100-width.php","meta":{"_acf_changed":false,"inline_featured_image":false,"wpupg_custom_link":[],"wpupg_custom_link_behaviour":["default"],"wpupg_custom_link_nofollow":[],"wpupg_custom_image":[],"wpupg_custom_image_id":[],"footnotes":""},"page_category":[],"class_list":["post-4874","page","type-page","status-publish","hentry"],"acf":[],"yoast_head":"<!-- This site is optimized with the Yoast SEO plugin v26.6 - https:\/\/yoast.com\/wordpress\/plugins\/seo\/ -->\n<title>COVID-19 - IBYME<\/title>\n<meta name=\"robots\" content=\"index, follow, max-snippet:-1, max-image-preview:large, max-video-preview:-1\" \/>\n<link rel=\"canonical\" href=\"https:\/\/ibyme.org.ar\/investigacion\/es\/transferencia-de-tecnologia\/covid-19\/\" \/>\n<meta property=\"og:locale\" content=\"es_ES\" \/>\n<meta property=\"og:type\" content=\"article\" \/>\n<meta property=\"og:title\" content=\"COVID-19 - IBYME\" \/>\n<meta property=\"og:url\" content=\"https:\/\/ibyme.org.ar\/investigacion\/es\/transferencia-de-tecnologia\/covid-19\/\" \/>\n<meta property=\"og:site_name\" content=\"IBYME\" \/>\n<meta property=\"article:modified_time\" content=\"2023-05-26T16:08:55+00:00\" \/>\n<meta name=\"twitter:card\" content=\"summary_large_image\" \/>\n<meta name=\"twitter:label1\" content=\"Tiempo de lectura\" \/>\n\t<meta name=\"twitter:data1\" content=\"14 minutos\" \/>\n<script type=\"application\/ld+json\" class=\"yoast-schema-graph\">{\"@context\":\"https:\/\/schema.org\",\"@graph\":[{\"@type\":\"WebPage\",\"@id\":\"https:\/\/ibyme.org.ar\/investigacion\/es\/transferencia-de-tecnologia\/covid-19\/\",\"url\":\"https:\/\/ibyme.org.ar\/investigacion\/es\/transferencia-de-tecnologia\/covid-19\/\",\"name\":\"COVID-19 - IBYME\",\"isPartOf\":{\"@id\":\"https:\/\/ibyme.org.ar\/investigacion\/en\/#website\"},\"datePublished\":\"2023-04-10T00:39:48+00:00\",\"dateModified\":\"2023-05-26T16:08:55+00:00\",\"breadcrumb\":{\"@id\":\"https:\/\/ibyme.org.ar\/investigacion\/es\/transferencia-de-tecnologia\/covid-19\/#breadcrumb\"},\"inLanguage\":\"es\",\"potentialAction\":[{\"@type\":\"ReadAction\",\"target\":[\"https:\/\/ibyme.org.ar\/investigacion\/es\/transferencia-de-tecnologia\/covid-19\/\"]}]},{\"@type\":\"BreadcrumbList\",\"@id\":\"https:\/\/ibyme.org.ar\/investigacion\/es\/transferencia-de-tecnologia\/covid-19\/#breadcrumb\",\"itemListElement\":[{\"@type\":\"ListItem\",\"position\":1,\"name\":\"Inicio\",\"item\":\"https:\/\/ibyme.org.ar\/investigacion\/en\/laboratories\/\"},{\"@type\":\"ListItem\",\"position\":2,\"name\":\"Transferencia de Tecnolog\u00eda\",\"item\":\"https:\/\/ibyme.org.ar\/investigacion\/es\/transferencia-de-tecnologia\/\"},{\"@type\":\"ListItem\",\"position\":3,\"name\":\"COVID-19\"}]},{\"@type\":\"WebSite\",\"@id\":\"https:\/\/ibyme.org.ar\/investigacion\/en\/#website\",\"url\":\"https:\/\/ibyme.org.ar\/investigacion\/en\/\",\"name\":\"IBYME\",\"description\":\"Instituto de Biolog\u00eda y Medicina Experimental\",\"potentialAction\":[{\"@type\":\"SearchAction\",\"target\":{\"@type\":\"EntryPoint\",\"urlTemplate\":\"https:\/\/ibyme.org.ar\/investigacion\/en\/?s={search_term_string}\"},\"query-input\":{\"@type\":\"PropertyValueSpecification\",\"valueRequired\":true,\"valueName\":\"search_term_string\"}}],\"inLanguage\":\"es\"}]}<\/script>\n<!-- \/ Yoast SEO plugin. -->","yoast_head_json":{"title":"COVID-19 - IBYME","robots":{"index":"index","follow":"follow","max-snippet":"max-snippet:-1","max-image-preview":"max-image-preview:large","max-video-preview":"max-video-preview:-1"},"canonical":"https:\/\/ibyme.org.ar\/investigacion\/es\/transferencia-de-tecnologia\/covid-19\/","og_locale":"es_ES","og_type":"article","og_title":"COVID-19 - IBYME","og_url":"https:\/\/ibyme.org.ar\/investigacion\/es\/transferencia-de-tecnologia\/covid-19\/","og_site_name":"IBYME","article_modified_time":"2023-05-26T16:08:55+00:00","twitter_card":"summary_large_image","twitter_misc":{"Tiempo de lectura":"14 minutos"},"schema":{"@context":"https:\/\/schema.org","@graph":[{"@type":"WebPage","@id":"https:\/\/ibyme.org.ar\/investigacion\/es\/transferencia-de-tecnologia\/covid-19\/","url":"https:\/\/ibyme.org.ar\/investigacion\/es\/transferencia-de-tecnologia\/covid-19\/","name":"COVID-19 - IBYME","isPartOf":{"@id":"https:\/\/ibyme.org.ar\/investigacion\/en\/#website"},"datePublished":"2023-04-10T00:39:48+00:00","dateModified":"2023-05-26T16:08:55+00:00","breadcrumb":{"@id":"https:\/\/ibyme.org.ar\/investigacion\/es\/transferencia-de-tecnologia\/covid-19\/#breadcrumb"},"inLanguage":"es","potentialAction":[{"@type":"ReadAction","target":["https:\/\/ibyme.org.ar\/investigacion\/es\/transferencia-de-tecnologia\/covid-19\/"]}]},{"@type":"BreadcrumbList","@id":"https:\/\/ibyme.org.ar\/investigacion\/es\/transferencia-de-tecnologia\/covid-19\/#breadcrumb","itemListElement":[{"@type":"ListItem","position":1,"name":"Inicio","item":"https:\/\/ibyme.org.ar\/investigacion\/en\/laboratories\/"},{"@type":"ListItem","position":2,"name":"Transferencia de Tecnolog\u00eda","item":"https:\/\/ibyme.org.ar\/investigacion\/es\/transferencia-de-tecnologia\/"},{"@type":"ListItem","position":3,"name":"COVID-19"}]},{"@type":"WebSite","@id":"https:\/\/ibyme.org.ar\/investigacion\/en\/#website","url":"https:\/\/ibyme.org.ar\/investigacion\/en\/","name":"IBYME","description":"Instituto de Biolog\u00eda y Medicina Experimental","potentialAction":[{"@type":"SearchAction","target":{"@type":"EntryPoint","urlTemplate":"https:\/\/ibyme.org.ar\/investigacion\/en\/?s={search_term_string}"},"query-input":{"@type":"PropertyValueSpecification","valueRequired":true,"valueName":"search_term_string"}}],"inLanguage":"es"}]}},"_links":{"self":[{"href":"https:\/\/ibyme.org.ar\/investigacion\/wp-json\/wp\/v2\/pages\/4874","targetHints":{"allow":["GET"]}}],"collection":[{"href":"https:\/\/ibyme.org.ar\/investigacion\/wp-json\/wp\/v2\/pages"}],"about":[{"href":"https:\/\/ibyme.org.ar\/investigacion\/wp-json\/wp\/v2\/types\/page"}],"author":[{"embeddable":true,"href":"https:\/\/ibyme.org.ar\/investigacion\/wp-json\/wp\/v2\/users\/1"}],"replies":[{"embeddable":true,"href":"https:\/\/ibyme.org.ar\/investigacion\/wp-json\/wp\/v2\/comments?post=4874"}],"version-history":[{"count":11,"href":"https:\/\/ibyme.org.ar\/investigacion\/wp-json\/wp\/v2\/pages\/4874\/revisions"}],"predecessor-version":[{"id":6782,"href":"https:\/\/ibyme.org.ar\/investigacion\/wp-json\/wp\/v2\/pages\/4874\/revisions\/6782"}],"up":[{"embeddable":true,"href":"https:\/\/ibyme.org.ar\/investigacion\/wp-json\/wp\/v2\/pages\/1072"}],"wp:attachment":[{"href":"https:\/\/ibyme.org.ar\/investigacion\/wp-json\/wp\/v2\/media?parent=4874"}],"wp:term":[{"taxonomy":"page_category","embeddable":true,"href":"https:\/\/ibyme.org.ar\/investigacion\/wp-json\/wp\/v2\/page_category?post=4874"}],"curies":[{"name":"wp","href":"https:\/\/api.w.org\/{rel}","templated":true}]}}